{"id":1325,"date":"2025-06-23T06:35:35","date_gmt":"2025-06-23T04:35:35","guid":{"rendered":"https:\/\/pureplay.pl\/?page_id=1325"},"modified":"2025-08-16T12:20:48","modified_gmt":"2025-08-16T10:20:48","slug":"dlivery-concept","status":"publish","type":"page","link":"https:\/\/pureplay.pl\/index.php\/dlivery-concept\/","title":{"rendered":"Nasza Skuteczno\u015b\u0107"},"content":{"rendered":"<p>[et_pb_section fb_built=&#8221;1&#8243; _builder_version=&#8221;4.27.4&#8243; _module_preset=&#8221;default&#8221; vertical_offset=&#8221;-51px&#8221; global_colors_info=&#8221;{}&#8221;][et_pb_row column_structure=&#8221;1_4,3_4&#8243; _builder_version=&#8221;4.27.4&#8243; _module_preset=&#8221;default&#8221; background_image=&#8221;https:\/\/pureplay.pl\/wp-content\/uploads\/2025\/06\/1_AdobeStock_639589574-scaled-1.png&#8221; min_height=&#8221;385px&#8221; height=&#8221;100px&#8221; max_height=&#8221;100px&#8221; border_color_top=&#8221;#d3d3d3&#8243; global_colors_info=&#8221;{}&#8221;][et_pb_column type=&#8221;1_4&#8243; _builder_version=&#8221;4.27.4&#8243; _module_preset=&#8221;default&#8221; global_colors_info=&#8221;{}&#8221;][et_pb_text _builder_version=&#8221;4.27.4&#8243; _module_preset=&#8221;default&#8221; text_font=&#8221;Manrope|700|||||||&#8221; text_text_color=&#8221;#000000&#8243; text_font_size=&#8221;22px&#8221; text_line_height=&#8221;1.9em&#8221; background_color=&#8221;#FFFFFF&#8221; positioning=&#8221;relative&#8221; vertical_offset=&#8221;305px&#8221; horizontal_offset=&#8221;14px&#8221; border_radii=&#8221;on|2px|2px|2px|2px&#8221; global_colors_info=&#8221;{}&#8221;]<\/p>\n<p>\u00a0 Skuteczno\u015b\u0107<\/p>\n<p>[\/et_pb_text][\/et_pb_column][et_pb_column type=&#8221;3_4&#8243; _builder_version=&#8221;4.27.4&#8243; _module_preset=&#8221;default&#8221; global_colors_info=&#8221;{}&#8221;][\/et_pb_column][\/et_pb_row][et_pb_row _builder_version=&#8221;4.27.4&#8243; _module_preset=&#8221;default&#8221; vertical_offset=&#8221;-18px&#8221; horizontal_offset=&#8221;0px&#8221; min_height=&#8221;237px&#8221; height=&#8221;321px&#8221; max_height=&#8221;227px&#8221; global_colors_info=&#8221;{}&#8221;][et_pb_column type=&#8221;4_4&#8243; _builder_version=&#8221;4.27.4&#8243; _module_preset=&#8221;default&#8221; global_colors_info=&#8221;{}&#8221;][et_pb_text _builder_version=&#8221;4.27.4&#8243; _module_preset=&#8221;default&#8221; text_font=&#8221;Manrope||||||||&#8221; text_text_color=&#8221;#404040&#8243; text_font_size=&#8221;17px&#8221; text_line_height=&#8221;1.8em&#8221; positioning=&#8221;relative&#8221; vertical_offset=&#8221;0px&#8221; global_colors_info=&#8221;{}&#8221;]<\/p>\n<p class=\"p1\">Pure Play to strategiczny partner w obszarze operacji mediowych, wspieraj\u0105cy globalne marki w transformacji sposobu prowadzenia dzia\u0142a\u0144 digitalowych \u2014 poprzez wdra\u017canie wyspecjalizowanych zespo\u0142\u00f3w in-house, kt\u00f3re zapewniaj\u0105 pe\u0142n\u0105 kontrol\u0119, wysok\u0105 jako\u015b\u0107 operacyjn\u0105 i wymiern\u0105 przewag\u0119 finansow\u0105. Nasz model powsta\u0142 z my\u015bl\u0105 o nowym standardzie w marketingu \u2014 opartym na przejrzysto\u015bci, odpowiedzialno\u015bci i zwinnej, efektywno\u015bciowej egzekucji.<\/p>\n<p class=\"p1\">Oferujemy r\u00f3\u017cne modele wsp\u00f3\u0142pracy dopasowane do potrzeb Klienta \u2014 od pe\u0142nych wdro\u017ce\u0144 in-house, przez modele hybrydowe, w kt\u00f3rych nasze zespo\u0142y uzupe\u0142niaj\u0105 kompetencje wewn\u0119trzne, a\u017c po kompleksowe rozwi\u0105zania typu in-house as a service, w pe\u0142ni zarz\u0105dzane przez Pure Play. Niezale\u017cnie od modelu, nasz spos\u00f3b dzia\u0142ania daje Klientowi realn\u0105 kontrol\u0119, efektywno\u015b\u0107 operacyjn\u0105 i zesp\u00f3\u0142, kt\u00f3ry pracuje z tak\u0105 sam\u0105 dyscyplin\u0105 i skuteczno\u015bci\u0105 jak wewn\u0119trzna struktura \u2014 ale bez zb\u0119dnej z\u0142o\u017cono\u015bci.<\/p>\n<p>[\/et_pb_text][\/et_pb_column][\/et_pb_row][et_pb_row disabled_on=&#8221;off|off|off&#8221; _builder_version=&#8221;4.27.4&#8243; _module_preset=&#8221;default&#8221; background_color=&#8221;#00529C&#8221; vertical_offset=&#8221;7px&#8221; min_height=&#8221;46px&#8221; height=&#8221;49px&#8221; max_height=&#8221;1000px&#8221; custom_margin=&#8221;0px||0px||false|false&#8221; hover_enabled=&#8221;0&#8243; border_radii=&#8221;on|2px|2px|2px|2px&#8221; global_colors_info=&#8221;{}&#8221; sticky_enabled=&#8221;0&#8243;][et_pb_column type=&#8221;4_4&#8243; _builder_version=&#8221;4.27.4&#8243; _module_preset=&#8221;default&#8221; global_colors_info=&#8221;{}&#8221;][et_pb_text content_tablet=&#8221;<\/p>\n<p>Nasza Skuteczno\u015b\u0107<\/p>\n<p>&#8221; content_phone=&#8221;<\/p>\n<p>Nasza Skuteczno\u015b\u0107<\/p>\n<p>&#8221; content_last_edited=&#8221;on|tablet&#8221; _builder_version=&#8221;4.27.4&#8243; _module_preset=&#8221;default&#8221; text_font=&#8221;Manrope|700|||||||&#8221; text_text_color=&#8221;#FFFFFF&#8221; text_font_size=&#8221;29px&#8221; background_color=&#8221;RGBA(255,255,255,0)&#8221; positioning=&#8221;relative&#8221; vertical_offset=&#8221;-9px&#8221; horizontal_offset=&#8221;10px&#8221; z_index=&#8221;0&#8243; custom_margin=&#8221;||0px||false|false&#8221; global_colors_info=&#8221;{}&#8221;]<\/p>\n<p>3 Filary Skuteczno\u015bci Pure Play<\/p>\n<p>[\/et_pb_text][\/et_pb_column][\/et_pb_row][et_pb_row column_structure=&#8221;1_3,1_3,1_3&#8243; disabled_on=&#8221;off|off|off&#8221; _builder_version=&#8221;4.27.4&#8243; _module_preset=&#8221;default&#8221; vertical_offset=&#8221;-7px&#8221; custom_margin=&#8221;10px|auto||auto||&#8221; global_colors_info=&#8221;{}&#8221;][et_pb_column type=&#8221;1_3&#8243; _builder_version=&#8221;4.27.4&#8243; _module_preset=&#8221;default&#8221; global_colors_info=&#8221;{}&#8221;][et_pb_text disabled_on=&#8221;off|off|off&#8221; _builder_version=&#8221;4.27.4&#8243; _module_preset=&#8221;default&#8221; text_text_color=&#8221;#404040&#8243; text_font_size=&#8221;24px&#8221; global_colors_info=&#8221;{}&#8221;]<\/p>\n<p>Kompetencje<\/p>\n<p>[\/et_pb_text][\/et_pb_column][et_pb_column type=&#8221;1_3&#8243; _builder_version=&#8221;4.27.4&#8243; _module_preset=&#8221;default&#8221; global_colors_info=&#8221;{}&#8221;][et_pb_text disabled_on=&#8221;off|off|off&#8221; _builder_version=&#8221;4.27.4&#8243; _module_preset=&#8221;default&#8221; text_text_color=&#8221;#404040&#8243; text_font_size=&#8221;24px&#8221; global_colors_info=&#8221;{}&#8221;]<\/p>\n<p>Realizacja<\/p>\n<p>[\/et_pb_text][\/et_pb_column][et_pb_column type=&#8221;1_3&#8243; _builder_version=&#8221;4.27.4&#8243; _module_preset=&#8221;default&#8221; global_colors_info=&#8221;{}&#8221;][et_pb_text _builder_version=&#8221;4.27.4&#8243; _module_preset=&#8221;default&#8221; text_text_color=&#8221;#404040&#8243; text_font_size=&#8221;24px&#8221; global_colors_info=&#8221;{}&#8221;]<\/p>\n<p>Efekty<\/p>\n<p>[\/et_pb_text][\/et_pb_column][\/et_pb_row][et_pb_row column_structure=&#8221;1_3,1_3,1_3&#8243; _builder_version=&#8221;4.27.4&#8243; _module_preset=&#8221;default&#8221; vertical_offset=&#8221;-48px&#8221; min_height=&#8221;100px&#8221; custom_margin=&#8221;||-26px||false|false&#8221; global_colors_info=&#8221;{}&#8221;][et_pb_column type=&#8221;1_3&#8243; _builder_version=&#8221;4.27.4&#8243; _module_preset=&#8221;default&#8221; global_colors_info=&#8221;{}&#8221;][et_pb_image src=&#8221;https:\/\/pureplay.pl\/wp-content\/uploads\/2025\/06\/1_La_AdobeStock_499692090-scaled-1.png&#8221; title_text=&#8221;1_La_AdobeStock_499692090-scaled&#8221; show_in_lightbox=&#8221;on&#8221; module_id=&#8221;my-image-hover-text&#8221; module_class=&#8221;`my-image-hover-text`&#8221; _builder_version=&#8221;4.27.4&#8243; _module_preset=&#8221;default&#8221; custom_css_free_form=&#8221;.my-image-hover-text .et_overlay:before {||    content: %22We build focused, high-competence media teams tailored to each client\u2019s business. Every role \u2014 from strategic lead to media buyer and analyst \u2014 is clearly defined and fully dedicated to one client only. No split focus. No shared resources. Our people are measured by business outcomes, not agency KPIs. This ensures full control, speed, and consistency \u2014 without the overhead of legacy agency structures.ekst%22;||    font-family: inherit;||    font-size: 19px;||    text-align: center;||    transform: translateX(-50%) translateY(-50%);||    margin-left: 0;||    width: 80%;||}&#8221; global_colors_info=&#8221;{}&#8221;][\/et_pb_image][et_pb_text _builder_version=&#8221;4.27.4&#8243; _module_preset=&#8221;default&#8221; text_text_color=&#8221;#000000&#8243; text_font_size=&#8221;16px&#8221; global_colors_info=&#8221;{}&#8221;]<\/p>\n<p class=\"p1\" style=\"text-align: justify;\">Budujemy operacje mediowe w oparciu o szerokie kompetencje \u2014 nie tylko w zakresie egzekucji, ale r\u00f3wnie\u017c strategii, analizy i zarz\u0105dzania procesem. Nasze zespo\u0142y \u0142\u0105cz\u0105 wiedz\u0119 z obszaru medi\u00f3w, danych, technologii, ale przed wszystkim biznesu. Rozumiej\u0105 nie tylko jak uruchomi\u0107 kampani\u0119, ale te\u017c jak media realnie wp\u0142ywaj\u0105 na wyniki finansowe, kontrol\u0119 koszt\u00f3w i sp\u00f3jno\u015b\u0107 operacyjn\u0105.<\/p>\n<p class=\"p1\" style=\"text-align: justify;\">Dostarczamy kompetencje, kt\u00f3rych zwykle brakuje agencjom mediowym. Wykraczaj\u0105c poza sam zakup medi\u00f3w, dzia\u0142amy w pe\u0142nym dopasowaniu do cel\u00f3w biznesowych Klienta, z bieg\u0142o\u015bci\u0105 w pracy na danych i dyscyplin\u0105 operacyjn\u0105 \u2014 wszystko to w ramach struktury decyzyjnej Klienta. To kompetencja zaprojektowana do brania odpowiedzialno\u015bci i generowania realnego wp\u0142ywu \u2014 a nie do zewn\u0119trznego wsparcia.<\/p>\n<p>[\/et_pb_text][\/et_pb_column][et_pb_column type=&#8221;1_3&#8243; _builder_version=&#8221;4.27.4&#8243; _module_preset=&#8221;default&#8221; global_colors_info=&#8221;{}&#8221;][et_pb_image src=&#8221;https:\/\/pureplay.pl\/wp-content\/uploads\/2025\/06\/1_Man_AdobeStock_331621527-1-scaled-1.png&#8221; title_text=&#8221;1_Man_AdobeStock_331621527-1-scaled&#8221; _builder_version=&#8221;4.27.4&#8243; _module_preset=&#8221;default&#8221; global_colors_info=&#8221;{}&#8221;][\/et_pb_image][et_pb_text _builder_version=&#8221;4.27.4&#8243; _module_preset=&#8221;default&#8221; text_text_color=&#8221;#000000&#8243; text_font_size=&#8221;16px&#8221; global_colors_info=&#8221;{}&#8221;]<\/p>\n<p class=\"p1\" style=\"text-align: justify;\">Nasi ludzie nie skacz\u0105 od Klienta do Klienta\u2014 pracuj\u0105 dla konretnego Klienta. Ka\u017cde ich dzia\u0142anie jest przemy\u015blane, uporz\u0105dkowane i realizowane z pe\u0142n\u0105 odpowiedzialno\u015bci\u0105. Nasza egzekucja nie opiera si\u0119 na zadaniach, lecz na systemie: opartym o procesy, realizowane z intencj\u0105 i s\u0105 mierzone w odniesieniu do cel\u00f3w biznesowych.<\/p>\n<p class=\"p1\" style=\"text-align: justify;\">Zarz\u0105dzamy kampaniami z du\u017c\u0105 dyscyplin\u0105 \u2014 od tempa wydatkowania bud\u017cetu, przez logik\u0119 biddingow\u0105, a\u017c po zarz\u0105dzanie platformami i testowanie kreacji. Nic nie jest improwizowane, nic nie jest delegowane w ciemno. Dzia\u0142amy na co dzie\u0144 \u2014 nie raz w miesi\u0105cu. Egzekucja w Pure Play to odzyskiwanie kontroli tam, gdzie zwykle panuje chaos \u2014 i przekszta\u0142canie jej w powtarzalny, skalowalny efekt.<\/p>\n<p>[\/et_pb_text][\/et_pb_column][et_pb_column type=&#8221;1_3&#8243; _builder_version=&#8221;4.27.4&#8243; _module_preset=&#8221;default&#8221; global_colors_info=&#8221;{}&#8221;][et_pb_image src=&#8221;https:\/\/pureplay.pl\/wp-content\/uploads\/2025\/06\/1_Girl_AdobeStock_397739726.png&#8221; title_text=&#8221;1_Girl_AdobeStock_397739726&#8243; _builder_version=&#8221;4.27.4&#8243; _module_preset=&#8221;default&#8221; global_colors_info=&#8221;{}&#8221;][\/et_pb_image][et_pb_text _builder_version=&#8221;4.27.4&#8243; _module_preset=&#8221;default&#8221; text_text_color=&#8221;#000000&#8243; text_font_size=&#8221;16px&#8221; global_colors_info=&#8221;{}&#8221;]<\/p>\n<p class=\"p1\" style=\"text-align: justify;\">Skupiamy si\u0119 na tych KPI, kt\u00f3re naprawd\u0119 maj\u0105 znaczenie dla Klienta \u2014 nie na nieistotnych wska\u017anikach, lecz na realnym wk\u0142adzie w wyniki biznesowe. Rezultaty mediowe nigdy nie s\u0105 analizowane w oderwaniu \u2014 to element szerszego r\u00f3wnania: przych\u00f3d, koszt i ostatecznie zysk.<\/p>\n<p class=\"p1\" style=\"text-align: justify;\">Nasze kampanie s\u0105 projektowane tak, by przynosi\u0142y rzeczywisty efekt \u2014 generuj\u0105c lepszy jako\u015bciowo ruch, wy\u017csz\u0105 efektywno\u015b\u0107 konwersji i ni\u017cszy koszt dotarcia do wyniku. Nie chodzi nam o wydawanie wi\u0119cej, ale o osi\u0105ganie wi\u0119cej za mniej.<\/p>\n<p class=\"p1\" style=\"text-align: justify;\">Wsp\u00f3\u0142praca z nami oznacza dla Klienta bezpo\u015bredni, mierzalny wp\u0142yw na rentowno\u015b\u0107. Nasz model zapewnia wi\u0119ksz\u0105 efektywno\u015b\u0107 przy ni\u017cszym koszcie, dzi\u0119ki czemu wygenerowana warto\u015b\u0107 realnie wzmacnia wynik finansowy Klienta.<\/p>\n<p>[\/et_pb_text][\/et_pb_column][\/et_pb_row][et_pb_row _builder_version=&#8221;4.27.4&#8243; _module_preset=&#8221;default&#8221; background_color=&#8221;#00529C&#8221; min_height=&#8221;46px&#8221; height=&#8221;49px&#8221; max_height=&#8221;1000px&#8221; custom_margin=&#8221;0px||0px||false|false&#8221; hover_enabled=&#8221;0&#8243; border_radii=&#8221;on|2px|2px|2px|2px&#8221; global_colors_info=&#8221;{}&#8221; sticky_enabled=&#8221;0&#8243;][et_pb_column type=&#8221;4_4&#8243; _builder_version=&#8221;4.27.4&#8243; _module_preset=&#8221;default&#8221; global_colors_info=&#8221;{}&#8221;][et_pb_text content_tablet=&#8221;<\/p>\n<p>Tak pracujemy<\/p>\n<p>&#8221; content_phone=&#8221;<\/p>\n<p>Tak pracujemy<\/p>\n<p>&#8221; content_last_edited=&#8221;on|phone&#8221; _builder_version=&#8221;4.27.4&#8243; _module_preset=&#8221;default&#8221; text_font=&#8221;Manrope|700|||||||&#8221; text_text_color=&#8221;#FFFFFF&#8221; text_font_size=&#8221;29px&#8221; background_color=&#8221;RGBA(255,255,255,0)&#8221; positioning=&#8221;relative&#8221; vertical_offset=&#8221;-9px&#8221; horizontal_offset=&#8221;10px&#8221; z_index=&#8221;0&#8243; custom_margin=&#8221;||0px||false|false&#8221; global_colors_info=&#8221;{}&#8221;]<\/p>\n<p>Komponenty Skuteczno\u015bci Pure Play<\/p>\n<p>[\/et_pb_text][\/et_pb_column][\/et_pb_row][et_pb_row _builder_version=&#8221;4.27.4&#8243; _module_preset=&#8221;default&#8221; global_colors_info=&#8221;{}&#8221;][et_pb_column type=&#8221;4_4&#8243; _builder_version=&#8221;4.27.4&#8243; _module_preset=&#8221;default&#8221; global_colors_info=&#8221;{}&#8221;][et_pb_text _builder_version=&#8221;4.27.4&#8243; _module_preset=&#8221;default&#8221; text_text_color=&#8221;#000000&#8243; text_font_size=&#8221;16px&#8221; global_colors_info=&#8221;{}&#8221;]<\/p>\n<p class=\"p1\">Podczas gdy strategia wyznacza kierunek, a struktura okre\u015bla intencj\u0119, trwa\u0142e budowanie warto\u015bci w operacjach mediowych zale\u017cy od sposobu realizacji. Egzekucja to nie zestaw dzia\u0142a\u0144 \u2014 to system: oparty na jasno zdefiniowanych rolach, zamkni\u0119tych cyklach operacyjnych, mierzalnych efektach i kontrolowanej zmienno\u015bci.<\/p>\n<p class=\"p1\">Koncepcja skuteczno\u015bci w Pure Play formalizuje to podej\u015bcie. Okre\u015bla, jak dzia\u0142ania mediowe s\u0105 konsekwentnie przek\u0142adane na realne operacje \u2014 niezale\u017cnie od platformy, rynku czy poziomu decyzyjnego. Przesuwaj\u0105c egzekucj\u0119 z poziomu rozproszonych zada\u0144 do uporz\u0105dkowanego modelu operacyjnego, umo\u017cliwiamy Klientom traktowanie medi\u00f3w nie jako zewn\u0119trznej us\u0142ugi, lecz jako zintegrowanej, kontrolowalnej funkcji biznesowej.<\/p>\n<p>[\/et_pb_text][\/et_pb_column][\/et_pb_row][et_pb_row column_structure=&#8221;1_5,3_5,1_5&#8243; disabled_on=&#8221;off|off|off&#8221; _builder_version=&#8221;4.27.4&#8243; _module_preset=&#8221;default&#8221; background_color=&#8221;rgba(255,255,255,0.58)&#8221; background_enable_image=&#8221;off&#8221; vertical_offset=&#8221;-15px&#8221; vertical_offset_tablet=&#8221;-15px&#8221; vertical_offset_phone=&#8221;-15px&#8221; vertical_offset_last_edited=&#8221;on|desktop&#8221; position_origin_a_tablet=&#8221;&#8221; position_origin_a_phone=&#8221;&#8221; position_origin_a_last_edited=&#8221;on|desktop&#8221; position_origin_f_tablet=&#8221;&#8221; position_origin_f_phone=&#8221;&#8221; position_origin_f_last_edited=&#8221;on|desktop&#8221; position_origin_r_tablet=&#8221;&#8221; position_origin_r_phone=&#8221;&#8221; position_origin_r_last_edited=&#8221;on|desktop&#8221; min_height=&#8221;95px&#8221; height=&#8221;97px&#8221; max_height=&#8221;96px&#8221; custom_margin=&#8221;||-33px||false|false&#8221; positioning_tablet=&#8221;&#8221; positioning_phone=&#8221;&#8221; positioning_last_edited=&#8221;on|tablet&#8221; border_color_all=&#8221;#d3d3d3&#8243; global_colors_info=&#8221;{}&#8221;][et_pb_column type=&#8221;1_5&#8243; _builder_version=&#8221;4.27.4&#8243; _module_preset=&#8221;default&#8221; global_colors_info=&#8221;{}&#8221;][\/et_pb_column][et_pb_column type=&#8221;3_5&#8243; _builder_version=&#8221;4.27.4&#8243; _module_preset=&#8221;default&#8221; global_colors_info=&#8221;{}&#8221;][et_pb_image src=&#8221;https:\/\/pureplay.pl\/wp-content\/uploads\/2025\/06\/Top-8-2-scaled.png&#8221; title_text=&#8221;Top 8&#8243; _builder_version=&#8221;4.27.4&#8243; _module_preset=&#8221;default&#8221; background_color=&#8221;RGBA(255,255,255,0)&#8221; border_radii=&#8221;on|6px|6px|6px|6px&#8221; border_width_all=&#8221;5px&#8221; border_color_all=&#8221;#404040&#8243; global_colors_info=&#8221;{}&#8221;][\/et_pb_image][\/et_pb_column][et_pb_column type=&#8221;1_5&#8243; _builder_version=&#8221;4.27.4&#8243; _module_preset=&#8221;default&#8221; global_colors_info=&#8221;{}&#8221;][\/et_pb_column][\/et_pb_row][et_pb_row _builder_version=&#8221;4.27.4&#8243; _module_preset=&#8221;default&#8221; global_colors_info=&#8221;{}&#8221;][et_pb_column type=&#8221;4_4&#8243; _builder_version=&#8221;4.27.4&#8243; _module_preset=&#8221;default&#8221; global_colors_info=&#8221;{}&#8221;][et_pb_text _builder_version=&#8221;4.27.4&#8243; _module_preset=&#8221;default&#8221; text_text_color=&#8221;#000000&#8243; text_font_size=&#8221;16px&#8221; global_colors_info=&#8221;{}&#8221;]<\/p>\n<p><strong>Strategia i planowanie<\/strong><\/p>\n<p>Tworzymy strategie mediowe \u015bci\u015ble powi\u0105zane z celami biznesowymi Klienta. Ka\u017cdy plan odzwierciedla realne priorytety \u2014 od wzrostu na konkretnych rynkach, przez premiery produktowe, po dzia\u0142ania sezonowe. Proces planowania prowadzi do mierzalnych za\u0142o\u017ce\u0144, jasnych r\u00f3l i konkretnych krok\u00f3w operacyjnych, kt\u00f3re s\u0105 bezpo\u015brednio powi\u0105zane z egzekucj\u0105 \u2014 a nie oderwane od niej. Ka\u017cda strategia, kt\u00f3r\u0105 tworzymy, jest po to, by j\u0105 zrealizowa\u0107, a nie tylko zaprezentowa\u0107.<\/p>\n<p><strong>Zarz\u0105dzanie efektywno\u015bci\u0105 i optymalizacje<\/strong><\/p>\n<p>Efektywno\u015bci\u0105 zarz\u0105dzamy codziennie, nie okresowo. Tempo wydatk\u00f3w, koszt efektywny i jako\u015b\u0107 zakupu s\u0105 monitorowane i optymalizowane w czasie rzeczywistym, w oparciu o jasno zdefiniowane KPI i regu\u0142y dzia\u0142ania. Nie czekamy na miesi\u0119czne podsumowania \u2014 nasze zespo\u0142y dzia\u0142aj\u0105 na bie\u017c\u0105co, szybko wdra\u017caj\u0105c wnioski i dopasowuj\u0105c dzia\u0142ania do sytuacji. To zamkni\u0119ty cykl optymalizacji, wpisany w rytm operacyjny.<\/p>\n<p><strong>Zakup medi\u00f3w i realizacja kampanii\u00a0<\/strong><\/p>\n<p>Realizujemy kampanie na wszystkich kluczowych platformach z pe\u0142n\u0105 kontrol\u0105 nad konfiguracj\u0105, struktur\u0105 kosztow\u0105 i logik\u0105 targetowania. Ka\u017cda kampania jest ustawiona tak, by mo\u017cna by\u0142o j\u0105 rozliczy\u0107 \u2014 bez ukrytych mar\u017c, rabat\u00f3w czy preferencji kana\u0142owych. Ka\u017cda decyzja zakupowa jest udokumentowana, \u015bledzona i powi\u0105zana z celami Klienta. Egzekucja to dla nas priorytet \u2014 bo wyniki zale\u017c\u0105 od precyzji dzia\u0142ania na co dzie\u0144.<\/p>\n<p><strong>Dane i analityka<\/strong><\/p>\n<p>Zapewniamy wgl\u0105d tam, gdzie ma to znaczenie. Dane o wynikach dost\u0119pne s\u0105 w czasie rzeczywistym i powi\u0105zane zar\u00f3wno z wynikami mediowymi, jak i KPI biznesowymi. Nasza architektura raportowania wspiera codzienne decyzje operacyjne i daje przejrzysto\u015b\u0107 na poziomie zarz\u0105dczym. Ka\u017cdy wska\u017anik, kt\u00f3ry \u015bledzimy, ma swoje \u017ar\u00f3d\u0142o i logiczne uzasadnienie \u2014 a ka\u017cdy raport powstaje po to, by z niego korzysta\u0107.<\/p>\n<p><strong>Platformy, technologie i narz\u0119dzia<\/strong><\/p>\n<p>Zarz\u0105dzamy ca\u0142ym stosu technologicznym \u2014 od adserwer\u00f3w i DSP po platformy analityczne i dashboardy. Niezale\u017cnie od tego, czy infrastruktura nale\u017cy do Klienta, czy zarz\u0105dzana jest przez Pure Play, dbamy o jej poprawne wdro\u017cenie, konfiguracj\u0119 i utrzymanie. Nie tylko \u201ekorzystamy z platform\u201d \u2014 my je ustawiamy tak, by wspiera\u0142y proces, a nie go ogranicza\u0142y.<\/p>\n<p><strong>Zarz\u0105dzanie i zgodno\u015b\u0107<\/strong><\/p>\n<p>Od pocz\u0105tku projektujemy procesy tak, by spe\u0142nia\u0142y wymagania compliance. Dotyczy to konwencji nazewnictwa, zarz\u0105dzania dost\u0119pami, dokumentacji, przejrzysto\u015bci kosztowej i nadzoru nad platformami. Dzia\u0142amy w pe\u0142nej zgodzie z wewn\u0119trznymi politykami Klienta oraz standardami audytowymi \u2014 szczeg\u00f3lnie w \u015brodowiskach regulowanych lub zakupowo wra\u017cliwych. Egzekucja mediowa nie jest oderwana od organizacji \u2014 stanowi jej kontrolowan\u0105 cz\u0119\u015b\u0107.<\/p>\n<p><strong>Szkolenia i rozw\u00f3j<\/strong><\/p>\n<p>Dzielimy si\u0119 wiedz\u0105 operacyjn\u0105, by rozwija\u0107 kompetencje zespo\u0142\u00f3w Klienta. Obejmuje to onboarding, regularne szkolenia i t\u0142umaczenie nie tylko \u201ejak\u201d, ale te\u017c \u201edlaczego\u201d podejmowane s\u0105 konkretne decyzje. Pomagamy budowa\u0107 dojrza\u0142o\u015b\u0107 mediow\u0105 organizacji \u2014 nie przez teoretyczne frameworki, ale przez praktyczne know-how, kt\u00f3re daje kontrol\u0119 i niezale\u017cno\u015b\u0107.<\/p>\n<p><strong>Transfer wiedzy i dokumentacja<\/strong><\/p>\n<p>Dokumentujemy to, co robimy, jak robimy i dlaczego. Od proces\u00f3w i logiki kampanii po szablony raport\u00f3w i konfiguracj\u0119 narz\u0119dzi \u2014 wszystko jest zapisane, wersjonowane i mo\u017cliwe do przeniesienia. Dzi\u0119ki temu zapewniamy ci\u0105g\u0142o\u015b\u0107 dzia\u0142ania, nawet przy zmianie zespo\u0142\u00f3w czy wdra\u017caniu nowych rynk\u00f3w. To spos\u00f3b, w jaki pomagamy Klientom skalowa\u0107 i utrzymywa\u0107 kontrol\u0119 w d\u0142u\u017cszej perspektywie.<\/p>\n<p>&nbsp;<\/p>\n<p>Pure Play dostarcza media digital jako funkcj\u0119 operacyjn\u0105 \u2014 nie warstw\u0119 us\u0142ugow\u0105. \u0141\u0105czymy my\u015blenie strategiczne, kontrol\u0119 wykonawcz\u0105 i mierzalne rezultaty w jednym, zintegrowanym modelu. Ka\u017cdy proces, ka\u017cda platforma i ka\u017cda osoba jest podporz\u0105dkowana temu, co najwa\u017cniejsze: efektywno\u015bci, wydajno\u015bci i realnej warto\u015bci biznesowej.<\/p>\n<p>[\/et_pb_text][\/et_pb_column][\/et_pb_row][et_pb_row column_structure=&#8221;1_3,1_3,1_3&#8243; _builder_version=&#8221;4.27.4&#8243; _module_preset=&#8221;default&#8221; global_colors_info=&#8221;{}&#8221;][et_pb_column type=&#8221;1_3&#8243; _builder_version=&#8221;4.27.4&#8243; _module_preset=&#8221;default&#8221; global_colors_info=&#8221;{}&#8221;][et_pb_button button_url=&#8221;https:\/\/pureplay.pl\/index.php\/sesja\/&#8221; button_text=&#8221;Um\u00f3wmy si\u0119 na spotkanie w temacie efektywno\u015bci in-house&#8221; button_alignment=&#8221;left&#8221; _builder_version=&#8221;4.27.4&#8243; _module_preset=&#8221;default&#8221; custom_button=&#8221;on&#8221; button_text_size=&#8221;20px&#8221; button_text_color=&#8221;#FFFFFF&#8221; button_bg_color=&#8221;#00529C&#8221; button_border_color=&#8221;#FFFFFF&#8221; button_border_radius=&#8221;9px&#8221; button_letter_spacing=&#8221;1px&#8221; button_font=&#8221;|700|||||||&#8221; button_use_icon=&#8221;off&#8221; hover_enabled=&#8221;0&#8243; box_shadow_style=&#8221;preset1&#8243; global_colors_info=&#8221;{}&#8221; sticky_enabled=&#8221;0&#8243; button_bg_enable_color=&#8221;on&#8221;][\/et_pb_button][\/et_pb_column][et_pb_column type=&#8221;1_3&#8243; _builder_version=&#8221;4.27.4&#8243; _module_preset=&#8221;default&#8221; global_colors_info=&#8221;{}&#8221;][\/et_pb_column][et_pb_column type=&#8221;1_3&#8243; _builder_version=&#8221;4.27.4&#8243; _module_preset=&#8221;default&#8221; global_colors_info=&#8221;{}&#8221;][\/et_pb_column][\/et_pb_row][\/et_pb_section]<\/p>\n","protected":false},"excerpt":{"rendered":"<p>\u00a0 Skuteczno\u015b\u0107Pure Play to strategiczny partner w obszarze operacji mediowych, wspieraj\u0105cy globalne marki w transformacji sposobu prowadzenia dzia\u0142a\u0144 digitalowych \u2014 poprzez wdra\u017canie wyspecjalizowanych zespo\u0142\u00f3w in-house, kt\u00f3re zapewniaj\u0105 pe\u0142n\u0105 kontrol\u0119, wysok\u0105 jako\u015b\u0107 operacyjn\u0105 i wymiern\u0105 przewag\u0119 finansow\u0105. Nasz model powsta\u0142 z my\u015bl\u0105 o nowym standardzie w marketingu \u2014 opartym na przejrzysto\u015bci, odpowiedzialno\u015bci i zwinnej, efektywno\u015bciowej egzekucji. [&hellip;]<\/p>\n","protected":false},"author":1,"featured_media":0,"parent":0,"menu_order":0,"comment_status":"closed","ping_status":"closed","template":"","meta":{"_et_pb_use_builder":"on","_et_pb_old_content":"","_et_gb_content_width":"","footnotes":""},"class_list":["post-1325","page","type-page","status-publish","hentry"],"_links":{"self":[{"href":"https:\/\/pureplay.pl\/index.php\/wp-json\/wp\/v2\/pages\/1325","targetHints":{"allow":["GET"]}}],"collection":[{"href":"https:\/\/pureplay.pl\/index.php\/wp-json\/wp\/v2\/pages"}],"about":[{"href":"https:\/\/pureplay.pl\/index.php\/wp-json\/wp\/v2\/types\/page"}],"author":[{"embeddable":true,"href":"https:\/\/pureplay.pl\/index.php\/wp-json\/wp\/v2\/users\/1"}],"replies":[{"embeddable":true,"href":"https:\/\/pureplay.pl\/index.php\/wp-json\/wp\/v2\/comments?post=1325"}],"version-history":[{"count":17,"href":"https:\/\/pureplay.pl\/index.php\/wp-json\/wp\/v2\/pages\/1325\/revisions"}],"predecessor-version":[{"id":1639,"href":"https:\/\/pureplay.pl\/index.php\/wp-json\/wp\/v2\/pages\/1325\/revisions\/1639"}],"wp:attachment":[{"href":"https:\/\/pureplay.pl\/index.php\/wp-json\/wp\/v2\/media?parent=1325"}],"curies":[{"name":"wp","href":"https:\/\/api.w.org\/{rel}","templated":true}]}}