{"id":3,"date":"2025-04-17T20:58:37","date_gmt":"2025-04-17T18:58:37","guid":{"rendered":"http:\/\/testwp68-ai.you2.pl\/?page_id=3"},"modified":"2025-06-26T17:31:35","modified_gmt":"2025-06-26T15:31:35","slug":"privacypolicy","status":"publish","type":"page","link":"https:\/\/pureplay.pl\/index.php\/privacypolicy\/","title":{"rendered":"Privacy Policy"},"content":{"rendered":"[et_pb_section fb_built=&#8221;1&#8243; admin_label=&#8221;section&#8221; _builder_version=&#8221;4.16&#8243; global_colors_info=&#8221;{}&#8221;][et_pb_row admin_label=&#8221;row&#8221; _builder_version=&#8221;4.16&#8243; background_size=&#8221;initial&#8221; background_position=&#8221;top_left&#8221; background_repeat=&#8221;repeat&#8221; global_colors_info=&#8221;{}&#8221;][et_pb_column type=&#8221;4_4&#8243; _builder_version=&#8221;4.16&#8243; custom_padding=&#8221;|||&#8221; global_colors_info=&#8221;{}&#8221; custom_padding__hover=&#8221;|||&#8221;][et_pb_text admin_label=&#8221;Text&#8221; _builder_version=&#8221;4.27.4&#8243; background_size=&#8221;initial&#8221; background_position=&#8221;top_left&#8221; background_repeat=&#8221;repeat&#8221; hover_enabled=&#8221;0&#8243; global_colors_info=&#8221;{}&#8221; sticky_enabled=&#8221;0&#8243;]<p><\/p>\n<p>Pure Play szanuje prywatno\u015b\u0107 u\u017cytkownik\u00f3w odwiedzaj\u0105cych nasz\u0105 stron\u0119 internetow\u0105. Korzystaj\u0105c z serwisu pureplay.pl, akceptujesz warunki niniejszej Polityki Prywatno\u015bci.<\/p>\n<p>Przegl\u0105darki internetowe domy\u015blnie umo\u017cliwiaj\u0105 zapisywanie plik\u00f3w cookies na urz\u0105dzeniu u\u017cytkownika. U\u017cytkownik przegl\u0105darki mo\u017ce samodzielnie zarz\u0105dza\u0107 plikami cookies \u2014 na przyk\u0142ad blokowa\u0107 je za pomoc\u0105 odpowiednich funkcji dost\u0119pnych w ustawieniach przegl\u0105darki. Zmiana tych ustawie\u0144 mo\u017ce jednak spowodowa\u0107 nieprawid\u0142owe dzia\u0142anie niekt\u00f3rych funkcji strony.<\/p>\n<p>Korzystanie ze strony bez zmiany ustawie\u0144 przegl\u0105darki oznacza zgod\u0119 na zapisywanie plik\u00f3w cookies oraz podobnych technologii na urz\u0105dzeniu ko\u0144cowym u\u017cytkownika. Nasza strona wykorzystuje aplikacje zbieraj\u0105ce dane o wizytach, takie jak czas wej\u015bcia, przegl\u0105dane tre\u015bci, parametry urz\u0105dzenia u\u017cywanego do po\u0142\u0105czenia z serwisem itp. Dane te wykorzystywane s\u0105 w celach administracyjnych, statystycznych oraz marketingowych.<\/p>\n<p>Zgoda na instalacj\u0119 plik\u00f3w cookies i podobnych technologii mo\u017ce zosta\u0107 w ka\u017cdej chwili wycofana poprzez zmian\u0119 ustawie\u0144 przegl\u0105darki.<\/p>\n<p>W\u0142a\u015bcicielem strony oraz administratorem danych, w tym danych osobowych, jest Pure Play Sp. z o.o. z siedzib\u0105 w Warszawie, Al. Jerozolimskie 123A. Wszystkie zbierane dane s\u0105 zabezpieczone w spos\u00f3b zapewniaj\u0105cy poufno\u015b\u0107, integralno\u015b\u0107 i bezpiecze\u0144stwo informacji. Dane, kt\u00f3re zbieramy, maj\u0105 w wi\u0119kszo\u015bci charakter statystyczny.<\/p>\n<p>Dost\u0119p do zebranych danych jest chroniony przed nieuprawnionym dost\u0119pem os\u00f3b trzecich, zgodnie z procedurami opisuj\u0105cymi spos\u00f3b zbierania, przechowywania i przetwarzania informacji. Dost\u0119p maj\u0105 wy\u0142\u0105cznie pracownicy i podmioty, kt\u00f3re potrzebuj\u0105 go wy\u0142\u0105cznie w celu realizacji zada\u0144 opisanych w niniejszej Polityce Prywatno\u015bci.<\/p>\n<p><\/p>[\/et_pb_text][\/et_pb_column][\/et_pb_row][\/et_pb_section]","protected":false},"excerpt":{"rendered":"<p>Pure Play szanuje prywatno\u015b\u0107 u\u017cytkownik\u00f3w odwiedzaj\u0105cych nasz\u0105 stron\u0119 internetow\u0105. Korzystaj\u0105c z serwisu pureplay.pl, akceptujesz warunki niniejszej Polityki Prywatno\u015bci. Przegl\u0105darki internetowe domy\u015blnie umo\u017cliwiaj\u0105 zapisywanie plik\u00f3w cookies na urz\u0105dzeniu u\u017cytkownika. U\u017cytkownik przegl\u0105darki mo\u017ce samodzielnie zarz\u0105dza\u0107 plikami cookies \u2014 na przyk\u0142ad blokowa\u0107 je za pomoc\u0105 odpowiednich funkcji dost\u0119pnych w ustawieniach przegl\u0105darki. Zmiana tych ustawie\u0144 mo\u017ce jednak spowodowa\u0107 nieprawid\u0142owe [&hellip;]<\/p>\n","protected":false},"author":1,"featured_media":0,"parent":0,"menu_order":0,"comment_status":"closed","ping_status":"closed","template":"","meta":{"_et_pb_use_builder":"on","_et_pb_old_content":"<!-- wp:heading -->\n<h2 class=\"wp-block-heading\"><\/h2>\n<!-- \/wp:heading -->\n\n<!-- wp:paragraph -->\n<p>Pure Play respects the privacy of users visiting our website. By using the site\u00a0<strong>pureplay.eu<\/strong>, you accept the terms of this Privacy Policy.<\/p>\n<!-- \/wp:paragraph -->\n\n<!-- wp:paragraph -->\n<p>Web browsers typically allow cookies to be stored on the user\u2019s device by default. The browser user can manage cookies independently, for example, by blocking them using the appropriate functions in their browser settings. Changing these settings may result in some website functions not working properly.<\/p>\n<!-- \/wp:paragraph -->\n\n<!-- wp:paragraph -->\n<p>Using the website without changing your browser settings implies consent to the storage of cookies and similar technologies on your end device. Our site uses applications that collect data about visits, such as the time of entry, viewed content, characteristics of the device used to access the site, etc. This data is used for administrative, statistical, and marketing purposes.<\/p>\n<!-- \/wp:paragraph -->\n\n<!-- wp:paragraph -->\n<p>Consent to the installation of cookies and similar technologies can be withdrawn at any time by changing the browser settings.<\/p>\n<!-- \/wp:paragraph -->\n\n<!-- wp:paragraph -->\n<p>The owner of the website and the data controller, including personal data, is&nbsp;<strong>Pure Play Sp. z o.o.<\/strong>, based in Warsaw, Al. Jerozolimskie 123A. All collected data is gathered with appropriate safeguards to ensure confidentiality, integrity, and information security. The data we collect is mostly statistical in nature.<\/p>\n<!-- \/wp:paragraph -->\n\n<!-- wp:paragraph -->\n<p>Access to collected data is protected against unauthorized access by third parties, in accordance with procedures that describe our methods for collecting, storing, and processing data. Access is granted only to those employees and entities that need it in order to process the data solely for the purposes described in this Privacy Policy.<\/p>\n<!-- \/wp:paragraph -->","_et_gb_content_width":"","footnotes":""},"class_list":["post-3","page","type-page","status-publish","hentry"],"_links":{"self":[{"href":"https:\/\/pureplay.pl\/index.php\/wp-json\/wp\/v2\/pages\/3","targetHints":{"allow":["GET"]}}],"collection":[{"href":"https:\/\/pureplay.pl\/index.php\/wp-json\/wp\/v2\/pages"}],"about":[{"href":"https:\/\/pureplay.pl\/index.php\/wp-json\/wp\/v2\/types\/page"}],"author":[{"embeddable":true,"href":"https:\/\/pureplay.pl\/index.php\/wp-json\/wp\/v2\/users\/1"}],"replies":[{"embeddable":true,"href":"https:\/\/pureplay.pl\/index.php\/wp-json\/wp\/v2\/comments?post=3"}],"version-history":[{"count":3,"href":"https:\/\/pureplay.pl\/index.php\/wp-json\/wp\/v2\/pages\/3\/revisions"}],"predecessor-version":[{"id":1457,"href":"https:\/\/pureplay.pl\/index.php\/wp-json\/wp\/v2\/pages\/3\/revisions\/1457"}],"wp:attachment":[{"href":"https:\/\/pureplay.pl\/index.php\/wp-json\/wp\/v2\/media?parent=3"}],"curies":[{"name":"wp","href":"https:\/\/api.w.org\/{rel}","templated":true}]}}