{"id":586,"date":"2025-06-16T20:55:27","date_gmt":"2025-06-16T18:55:27","guid":{"rendered":"https:\/\/pureplay.pl\/?page_id=586"},"modified":"2025-08-16T12:19:40","modified_gmt":"2025-08-16T10:19:40","slug":"model-obslugi","status":"publish","type":"page","link":"https:\/\/pureplay.pl\/index.php\/model-obslugi\/","title":{"rendered":"Model Obs\u0142ugi"},"content":{"rendered":"<p>[et_pb_section fb_built=&#8221;1&#8243; _builder_version=&#8221;4.27.4&#8243; _module_preset=&#8221;default&#8221; vertical_offset=&#8221;-51px&#8221; global_colors_info=&#8221;{}&#8221;][et_pb_row column_structure=&#8221;1_4,3_4&#8243; _builder_version=&#8221;4.27.4&#8243; _module_preset=&#8221;default&#8221; background_image=&#8221;https:\/\/pureplay.pl\/wp-content\/uploads\/2025\/06\/1_AdobeStock_787319681-scaled-1.png&#8221; min_height=&#8221;385px&#8221; height=&#8221;100px&#8221; max_height=&#8221;100px&#8221; border_color_top=&#8221;#d3d3d3&#8243; global_colors_info=&#8221;{}&#8221;][et_pb_column type=&#8221;1_4&#8243; _builder_version=&#8221;4.27.4&#8243; _module_preset=&#8221;default&#8221; global_colors_info=&#8221;{}&#8221;][et_pb_text _builder_version=&#8221;4.27.4&#8243; _module_preset=&#8221;default&#8221; text_font=&#8221;Manrope|700|||||||&#8221; text_text_color=&#8221;#000000&#8243; text_font_size=&#8221;22px&#8221; text_line_height=&#8221;1.9em&#8221; background_color=&#8221;#FFFFFF&#8221; positioning=&#8221;relative&#8221; vertical_offset=&#8221;305px&#8221; horizontal_offset=&#8221;14px&#8221; border_radii=&#8221;on|2px|2px|2px|2px&#8221; global_colors_info=&#8221;{}&#8221;]<\/p>\n<p>\u00a0 Model Obs\u0142ugi<\/p>\n<p>[\/et_pb_text][\/et_pb_column][et_pb_column type=&#8221;3_4&#8243; _builder_version=&#8221;4.27.4&#8243; _module_preset=&#8221;default&#8221; global_colors_info=&#8221;{}&#8221;][\/et_pb_column][\/et_pb_row][et_pb_row _builder_version=&#8221;4.27.4&#8243; _module_preset=&#8221;default&#8221; vertical_offset=&#8221;-18px&#8221; horizontal_offset=&#8221;0px&#8221; min_height=&#8221;237px&#8221; height=&#8221;321px&#8221; max_height=&#8221;227px&#8221; global_colors_info=&#8221;{}&#8221;][et_pb_column type=&#8221;4_4&#8243; _builder_version=&#8221;4.27.4&#8243; _module_preset=&#8221;default&#8221; global_colors_info=&#8221;{}&#8221;][et_pb_text _builder_version=&#8221;4.27.4&#8243; _module_preset=&#8221;default&#8221; text_font=&#8221;Manrope||||||||&#8221; text_text_color=&#8221;#404040&#8243; text_font_size=&#8221;17px&#8221; text_line_height=&#8221;1.8em&#8221; positioning=&#8221;relative&#8221; vertical_offset=&#8221;0px&#8221; global_colors_info=&#8221;{}&#8221;]<\/p>\n<p>Pure Play to partner, kt\u00f3ry pomaga globalnym markom podej\u015b\u0107 inaczej do medi\u00f3w digital. Zamiast oddawa\u0107 wszystko w r\u0119ce agencji, budujemy Klientom wewn\u0119trzne zespo\u0142y eksperckie, kt\u00f3re przejmuj\u0105 pe\u0142n\u0105 odpowiedzialno\u015b\u0107 za planowanie, zakup i optymalizacj\u0119 medi\u00f3w \u2014 z wi\u0119ksz\u0105 kontrol\u0105, lepszymi efektami i realnymi oszcz\u0119dno\u015bciami.<\/p>\n<p>Dzia\u0142amy elastycznie \u2014 w zale\u017cno\u015bci od potrzeb. Mo\u017cemy zbudowa\u0107 ca\u0142y zesp\u00f3\u0142 in-house, uzupe\u0142ni\u0107 istniej\u0105ce kompetencje Klienta albo wzi\u0105\u0107 ca\u0142\u0105 operacj\u0119 na siebie w modelu \u201ein-house as a service\u201d. W ka\u017cdym przypadku chodzi o to samo: da\u0107 Klientowi realn\u0105 kontrol\u0119, przewidywalno\u015b\u0107 i zesp\u00f3\u0142, kt\u00f3ry dzia\u0142a z tak\u0105 sam\u0105 precyzj\u0105 i dyscyplin\u0105, jakby by\u0142 cz\u0119\u015bci\u0105 firmy \u2014 jednak z pewno\u015bci\u0105, \u017ce wszystko, pomimo z\u0142o\u017cono\u015bci medi\u00f3w, b\u0119dzie dzia\u0142a\u0142o jak w przys\u0142owiowym szwajcarskim zegarku.<\/p>\n<p>[\/et_pb_text][\/et_pb_column][\/et_pb_row][et_pb_row disabled_on=&#8221;off|off|off&#8221; _builder_version=&#8221;4.27.4&#8243; _module_preset=&#8221;default&#8221; background_color=&#8221;#00529C&#8221; vertical_offset=&#8221;7px&#8221; min_height=&#8221;46px&#8221; height=&#8221;49px&#8221; max_height=&#8221;1000px&#8221; custom_margin=&#8221;0px||0px||false|false&#8221; hover_enabled=&#8221;0&#8243; border_radii=&#8221;on|2px|2px|2px|2px&#8221; global_colors_info=&#8221;{}&#8221; sticky_enabled=&#8221;0&#8243;][et_pb_column type=&#8221;4_4&#8243; _builder_version=&#8221;4.27.4&#8243; _module_preset=&#8221;default&#8221; global_colors_info=&#8221;{}&#8221;][et_pb_text content_tablet=&#8221;<\/p>\n<p>Nasza obs\u0142uga<\/p>\n<p>&#8221; content_phone=&#8221;<\/p>\n<p>Nasza obs\u0142uga<\/p>\n<p>&#8221; content_last_edited=&#8221;on|phone&#8221; _builder_version=&#8221;4.27.4&#8243; _module_preset=&#8221;default&#8221; text_font=&#8221;Manrope|700|||||||&#8221; text_text_color=&#8221;#FFFFFF&#8221; text_font_size=&#8221;29px&#8221; background_color=&#8221;RGBA(255,255,255,0)&#8221; positioning=&#8221;relative&#8221; vertical_offset=&#8221;-9px&#8221; horizontal_offset=&#8221;10px&#8221; z_index=&#8221;0&#8243; custom_margin=&#8221;||0px||false|false&#8221; global_colors_info=&#8221;{}&#8221;]<\/p>\n<p>3 Filary Oferty Obs\u0142ugi Pure Play<\/p>\n<p>[\/et_pb_text][\/et_pb_column][\/et_pb_row][et_pb_row column_structure=&#8221;1_3,1_3,1_3&#8243; disabled_on=&#8221;off|off|off&#8221; _builder_version=&#8221;4.27.4&#8243; _module_preset=&#8221;default&#8221; vertical_offset=&#8221;-7px&#8221; custom_margin=&#8221;10px|auto||auto||&#8221; global_colors_info=&#8221;{}&#8221;][et_pb_column type=&#8221;1_3&#8243; _builder_version=&#8221;4.27.4&#8243; _module_preset=&#8221;default&#8221; global_colors_info=&#8221;{}&#8221;][et_pb_text disabled_on=&#8221;off|off|off&#8221; _builder_version=&#8221;4.27.4&#8243; _module_preset=&#8221;default&#8221; text_text_color=&#8221;#404040&#8243; text_font_size=&#8221;24px&#8221; global_colors_info=&#8221;{}&#8221;]<\/p>\n<p>Zespo\u0142y eksperckie<\/p>\n<p>[\/et_pb_text][\/et_pb_column][et_pb_column type=&#8221;1_3&#8243; _builder_version=&#8221;4.27.4&#8243; _module_preset=&#8221;default&#8221; global_colors_info=&#8221;{}&#8221;][et_pb_text disabled_on=&#8221;off|off|off&#8221; _builder_version=&#8221;4.27.4&#8243; _module_preset=&#8221;default&#8221; text_text_color=&#8221;#404040&#8243; text_font_size=&#8221;24px&#8221; global_colors_info=&#8221;{}&#8221;]<\/p>\n<p>Odpowiedzialno\u015b\u0107<\/p>\n<p>[\/et_pb_text][\/et_pb_column][et_pb_column type=&#8221;1_3&#8243; _builder_version=&#8221;4.27.4&#8243; _module_preset=&#8221;default&#8221; global_colors_info=&#8221;{}&#8221;][et_pb_text _builder_version=&#8221;4.27.4&#8243; _module_preset=&#8221;default&#8221; text_text_color=&#8221;#404040&#8243; text_font_size=&#8221;24px&#8221; global_colors_info=&#8221;{}&#8221;]<\/p>\n<p>Zintegrowane podej\u015bcie<\/p>\n<p>[\/et_pb_text][\/et_pb_column][\/et_pb_row][et_pb_row column_structure=&#8221;1_3,1_3,1_3&#8243; _builder_version=&#8221;4.27.4&#8243; _module_preset=&#8221;default&#8221; vertical_offset=&#8221;-48px&#8221; min_height=&#8221;100px&#8221; custom_margin=&#8221;||-26px||false|false&#8221; global_colors_info=&#8221;{}&#8221;][et_pb_column type=&#8221;1_3&#8243; _builder_version=&#8221;4.27.4&#8243; _module_preset=&#8221;default&#8221; global_colors_info=&#8221;{}&#8221;][et_pb_image src=&#8221;https:\/\/pureplay.pl\/wp-content\/uploads\/2025\/06\/1_AdobeStock_639704870-scaled-1.png&#8221; title_text=&#8221;1_AdobeStock_639704870-scaled&#8221; show_in_lightbox=&#8221;on&#8221; module_id=&#8221;my-image-hover-text&#8221; module_class=&#8221;`my-image-hover-text`&#8221; _builder_version=&#8221;4.27.4&#8243; _module_preset=&#8221;default&#8221; custom_css_free_form=&#8221;.my-image-hover-text .et_overlay:before {||    content: %22We build focused, high-competence media teams tailored to each client\u2019s business. Every role \u2014 from strategic lead to media buyer and analyst \u2014 is clearly defined and fully dedicated to one client only. No split focus. No shared resources. Our people are measured by business outcomes, not agency KPIs. This ensures full control, speed, and consistency \u2014 without the overhead of legacy agency structures.ekst%22;||    font-family: inherit;||    font-size: 19px;||    text-align: center;||    transform: translateX(-50%) translateY(-50%);||    margin-left: 0;||    width: 80%;||}&#8221; global_colors_info=&#8221;{}&#8221;][\/et_pb_image][et_pb_text _builder_version=&#8221;4.27.4&#8243; _module_preset=&#8221;default&#8221; text_text_color=&#8221;#000000&#8243; text_font_size=&#8221;16px&#8221; global_colors_info=&#8221;{}&#8221;]<\/p>\n<p style=\"text-align: justify;\">Budujemy wyspecjalizowane, skoncentrowane zespo\u0142y mediowe dopasowane do konkretnego biznesu ka\u017cdego Klienta. Ka\u017cda rola \u2014 od osoby odpowiedzialnej za strategi\u0119 po kupca mediowego i analityka \u2014 jest jasno okre\u015blona i w 100% dedykowana jednemu Klientowi. Bez dzielenia uwagi. Bez wsp\u00f3\u0142dzielonych zasob\u00f3w. Nasze zespo\u0142y s\u0105 rozliczane z efekt\u00f3w biznesowych, a nie agencyjnych KPI. Dzi\u0119ki temu Klient zyskuje pe\u0142n\u0105 kontrol\u0119, szybko\u015b\u0107 dzia\u0142ania i sp\u00f3jno\u015b\u0107 \u2014 bez nadmiarowych struktur typowych dla tradycyjnych agencji.<\/p>\n<p>[\/et_pb_text][\/et_pb_column][et_pb_column type=&#8221;1_3&#8243; _builder_version=&#8221;4.27.4&#8243; _module_preset=&#8221;default&#8221; global_colors_info=&#8221;{}&#8221;][et_pb_image src=&#8221;https:\/\/pureplay.pl\/wp-content\/uploads\/2025\/06\/1_AdobeStock_1457255109-2-scaled-1.png&#8221; title_text=&#8221;1_AdobeStock_1457255109-2-scaled&#8221; _builder_version=&#8221;4.27.4&#8243; _module_preset=&#8221;default&#8221; global_colors_info=&#8221;{}&#8221;][\/et_pb_image][et_pb_text _builder_version=&#8221;4.27.4&#8243; _module_preset=&#8221;default&#8221; text_text_color=&#8221;#000000&#8243; text_font_size=&#8221;16px&#8221; global_colors_info=&#8221;{}&#8221;]<\/p>\n<p class=\"p1\" style=\"text-align: justify;\">Pure Play nie pe\u0142ni roli doradczej \u2014 przejmuje odpowiedzialno\u015b\u0107 za wyniki. Nasze zespo\u0142y bior\u0105 pe\u0142n\u0105 odpowiedzialno\u015b\u0107 za realizacj\u0119 dzia\u0142a\u0144: od strategii i planowania, przez zakup i optymalizacj\u0119, a\u017c po raportowanie. Na ka\u017cdym etapie stosujemy jasne procesy, automatyzacj\u0119 i podej\u015bcie oparte na dyscyplinie wynik\u00f3w. Kampanie prowadzone s\u0105 w spos\u00f3b przejrzysty i w pe\u0142ni audytowalny \u2014 zar\u00f3wno na platformach nale\u017c\u0105cych do Klienta, jak i tych zarz\u0105dzanych przez Pure Play. Wnosimy do operacji mediowych efektywno\u015b\u0107, kontrol\u0119 i pe\u0142ne dopasowanie do cel\u00f3w biznesowych.<\/p>\n<p>[\/et_pb_text][\/et_pb_column][et_pb_column type=&#8221;1_3&#8243; _builder_version=&#8221;4.27.4&#8243; _module_preset=&#8221;default&#8221; global_colors_info=&#8221;{}&#8221;][et_pb_image src=&#8221;https:\/\/pureplay.pl\/wp-content\/uploads\/2025\/06\/1_AdobeStock_519549071.png&#8221; title_text=&#8221;1_AdobeStock_519549071&#8243; _builder_version=&#8221;4.27.4&#8243; _module_preset=&#8221;default&#8221; global_colors_info=&#8221;{}&#8221;][\/et_pb_image][et_pb_text _builder_version=&#8221;4.27.4&#8243; _module_preset=&#8221;default&#8221; text_text_color=&#8221;#000000&#8243; text_font_size=&#8221;16px&#8221; global_colors_info=&#8221;{}&#8221;]<\/p>\n<p>Integrujemy si\u0119 z organizacj\u0105 Klienta z elastyczno\u015bci\u0105 i precyzj\u0105. Pracujemy w jednym z trzech modeli wsp\u00f3\u0142pracy:<\/p>\n<p>1. Model in-house, w kt\u00f3rym nasze zespo\u0142y s\u0105 w pe\u0142ni osadzone w strukturze Klienta<\/p>\n<p>2. Model hybrydowy, w kt\u00f3rym uzupe\u0142niamy istniej\u0105ce kompetencje po stronie Klienta<\/p>\n<p>3. Model in-house as a service, w kt\u00f3rym ca\u0142a operacja mediowa jest zarz\u0105dzana przez Pure Play zgodnie z kierunkiem strategicznym Klienta, jednak w oparciu o procesy typowe dla wewn\u0119trznych zespo\u0142\u00f3w, z pe\u0142nym i bezawarunkowym zapewnieniu wy\u0142\u0105czno\u015bci zespo\u0142\u00f3w, transparentno\u015bci rozlicze\u0144 i pe\u0142nej orientacji na celach Klient\u00f3w.<\/p>\n<p>[\/et_pb_text][\/et_pb_column][\/et_pb_row][et_pb_row _builder_version=&#8221;4.27.4&#8243; _module_preset=&#8221;default&#8221; background_color=&#8221;#00529C&#8221; min_height=&#8221;46px&#8221; height=&#8221;49px&#8221; max_height=&#8221;1000px&#8221; custom_margin=&#8221;0px||0px||false|false&#8221; hover_enabled=&#8221;0&#8243; border_radii=&#8221;on|2px|2px|2px|2px&#8221; global_colors_info=&#8221;{}&#8221; sticky_enabled=&#8221;0&#8243;][et_pb_column type=&#8221;4_4&#8243; _builder_version=&#8221;4.27.4&#8243; _module_preset=&#8221;default&#8221; global_colors_info=&#8221;{}&#8221;][et_pb_text content_tablet=&#8221;<\/p>\n<p>Nasze 5C <\/p>\n<p>&#8221; content_phone=&#8221;<\/p>\n<p>Nasze 5C<\/p>\n<p>&#8221; content_last_edited=&#8221;on|phone&#8221; _builder_version=&#8221;4.27.4&#8243; _module_preset=&#8221;default&#8221; text_font=&#8221;Manrope|700|||||||&#8221; text_text_color=&#8221;#FFFFFF&#8221; text_font_size=&#8221;29px&#8221; background_color=&#8221;RGBA(255,255,255,0)&#8221; positioning=&#8221;relative&#8221; vertical_offset=&#8221;-9px&#8221; horizontal_offset=&#8221;10px&#8221; z_index=&#8221;0&#8243; custom_margin=&#8221;||0px||false|false&#8221; global_colors_info=&#8221;{}&#8221;]<\/p>\n<p>5C &#8211; Model Operacyjny Pure Play<\/p>\n<p>[\/et_pb_text][\/et_pb_column][\/et_pb_row][et_pb_row _builder_version=&#8221;4.27.4&#8243; _module_preset=&#8221;default&#8221; global_colors_info=&#8221;{}&#8221;][et_pb_column type=&#8221;4_4&#8243; _builder_version=&#8221;4.27.4&#8243; _module_preset=&#8221;default&#8221; global_colors_info=&#8221;{}&#8221;][et_pb_text _builder_version=&#8221;4.27.4&#8243; _module_preset=&#8221;default&#8221; text_text_color=&#8221;#000000&#8243; text_font_size=&#8221;16px&#8221; global_colors_info=&#8221;{}&#8221;]<\/p>\n<p>Model 5C definiuje pi\u0119\u0107 kluczowych filar\u00f3w, kt\u00f3re odr\u00f3\u017cniaj\u0105 podej\u015bcie Pure Play do medi\u00f3w in-house od tradycyjnych modeli agencyjnych. To zestaw jasnych, mierzalnych zasad pokazuj\u0105cych, jak powinny by\u0107 prowadzone dzia\u0142ania mediowe: z pe\u0142n\u0105 odpowiedzialno\u015bci\u0105, przejrzysto\u015bci\u0105 i operacyjn\u0105 dyscyplin\u0105. Ka\u017cde z \u201eC\u201d to dla nas warunek niepodlegaj\u0105cy negocjacjom \u2014 mimo \u017ce wielu reklamodawc\u00f3w przywyk\u0142o do ich braku jako standardu.<\/p>\n<p>To, co demaskuje model 5C to fakt, \u017ce nieefektywno\u015b\u0107 operacyjna w pracy agencji to nie incydentalne zdarzenie, lecz systemowa norma. Brak kontroli, nieprzejrzyste koszty, rozmyte priorytety, rotacja zespo\u0142\u00f3w i fragmentacja danych s\u0105 powszechnie akceptowane tam, gdzie w innych kluczowych obszarach biznesu \u2014 jak finanse, logistyka czy zakupy \u2014 by\u0142yby nie do przyj\u0119cia. Model 5C wskazuje akceptacj\u0119 takiego stanu jako powa\u017cne ryzyko natury biznesowej.<\/p>\n<p>[\/et_pb_text][\/et_pb_column][\/et_pb_row][et_pb_row column_structure=&#8221;1_5,3_5,1_5&#8243; disabled_on=&#8221;off|off|off&#8221; _builder_version=&#8221;4.27.4&#8243; _module_preset=&#8221;default&#8221; background_color=&#8221;rgba(255,255,255,0.58)&#8221; background_enable_image=&#8221;off&#8221; vertical_offset=&#8221;-15px&#8221; vertical_offset_tablet=&#8221;-15px&#8221; vertical_offset_phone=&#8221;-15px&#8221; vertical_offset_last_edited=&#8221;on|desktop&#8221; position_origin_a_tablet=&#8221;&#8221; position_origin_a_phone=&#8221;&#8221; position_origin_a_last_edited=&#8221;on|desktop&#8221; position_origin_f_tablet=&#8221;&#8221; position_origin_f_phone=&#8221;&#8221; position_origin_f_last_edited=&#8221;on|desktop&#8221; position_origin_r_tablet=&#8221;&#8221; position_origin_r_phone=&#8221;&#8221; position_origin_r_last_edited=&#8221;on|desktop&#8221; min_height=&#8221;95px&#8221; height=&#8221;97px&#8221; max_height=&#8221;96px&#8221; custom_margin=&#8221;||-33px||false|false&#8221; positioning_tablet=&#8221;&#8221; positioning_phone=&#8221;&#8221; positioning_last_edited=&#8221;on|tablet&#8221; border_color_all=&#8221;#d3d3d3&#8243; global_colors_info=&#8221;{}&#8221;][et_pb_column type=&#8221;1_5&#8243; _builder_version=&#8221;4.27.4&#8243; _module_preset=&#8221;default&#8221; global_colors_info=&#8221;{}&#8221;][\/et_pb_column][et_pb_column type=&#8221;3_5&#8243; _builder_version=&#8221;4.27.4&#8243; _module_preset=&#8221;default&#8221; global_colors_info=&#8221;{}&#8221;][et_pb_image src=&#8221;https:\/\/pureplay.pl\/wp-content\/uploads\/2025\/08\/5C.png&#8221; title_text=&#8221;5C&#8221; _builder_version=&#8221;4.27.4&#8243; _module_preset=&#8221;default&#8221; background_color=&#8221;RGBA(255,255,255,0)&#8221; border_radii=&#8221;on|6px|6px|6px|6px&#8221; border_width_all=&#8221;5px&#8221; border_color_all=&#8221;#404040&#8243; global_colors_info=&#8221;{}&#8221;][\/et_pb_image][\/et_pb_column][et_pb_column type=&#8221;1_5&#8243; _builder_version=&#8221;4.27.4&#8243; _module_preset=&#8221;default&#8221; global_colors_info=&#8221;{}&#8221;][\/et_pb_column][\/et_pb_row][et_pb_row _builder_version=&#8221;4.27.4&#8243; _module_preset=&#8221;default&#8221; global_colors_info=&#8221;{}&#8221;][et_pb_column type=&#8221;4_4&#8243; _builder_version=&#8221;4.27.4&#8243; _module_preset=&#8221;default&#8221; global_colors_info=&#8221;{}&#8221;][et_pb_text _builder_version=&#8221;4.27.4&#8243; _module_preset=&#8221;default&#8221; text_text_color=&#8221;#000000&#8243; text_font_size=&#8221;16px&#8221; global_colors_info=&#8221;{}&#8221;]<\/p>\n<p><strong>Kontrola<\/strong><\/p>\n<p>Kontrola to nie tylko dost\u0119p do dashboard\u00f3w \u2014 to realna mo\u017cliwo\u015b\u0107 podejmowania decyzji, posiadanie dost\u0119pu do platform i pe\u0142na odpowiedzialno\u015b\u0107 za wynik. W modelu Pure Play nasze zespo\u0142y dzia\u0142aj\u0105 w strukturze Klienta, a nie w uk\u0142adzie podwykonawc\u00f3w i warstw po\u015brednich. To nie jest wsp\u00f3\u0142dzielenie \u2014 to prawdziwa, scentralizowana kontrola. Bez ukrytych element\u00f3w.<\/p>\n<p><strong>Przejrzysto\u015b\u0107 kosztowa\u00a0<\/strong><\/p>\n<p>Transparento\u015b\u0107 koszt\u00f3w traktujemy jako standard finansowy, a nie warto\u015b\u0107 dodan\u0105. Nie ma u nas ukrytych mar\u017c, niejawnych AVB ani manipulacji pod przykrywk\u0105 \u201erabat\u00f3w wolumenowych\u201d. Nasz model finansowy jest w pe\u0142ni czytelny, a ka\u017cda jednostka kosztu jest powi\u0105zana z konkretnym efektem mediowym. W czasach, gdy CFO oczekuj\u0105 dyscypliny kosztowej \u2014 to robi r\u00f3\u017cnic\u0119.<\/p>\n<p><strong>Kompetencje<\/strong><\/p>\n<p>Kompetencje to dla nas nie tylko liczba os\u00f3b w zespole czy certyfikaty. To operacyjne skupienie. Nasi ludzie pracuj\u0105 dla jednego Klienta \u2014 nie pi\u0119ciu. Ich do\u015bwiadczenie, cykle my\u015blenia, wyniki test\u00f3w i optymalizacje s\u0105 w 100% inwestowane w biznes konkretnego Klienta. To w\u0142a\u015bnie r\u00f3\u017cni us\u0142ug\u0119 od prawdziwego zaanga\u017cowania.<\/p>\n<p><strong>Sp\u00f3jno\u015b\u0107<\/strong><\/p>\n<p>Sp\u00f3jno\u015b\u0107 to nie tylko stabilno\u015b\u0107 zespo\u0142u, ale wydajno\u015b\u0107 ca\u0142ego modelu operacyjnego. Role nie s\u0105 zmieniane w zale\u017cno\u015bci od dost\u0119pno\u015bci \u2014 s\u0105 zaprojektowane tak, by zapewnia\u0107 ci\u0105g\u0142o\u015b\u0107, przekazywanie wiedzy i zast\u0119powalno\u015b\u0107 bez strat w jako\u015bci. Klient nie musi ju\u017c \u201eod nowa briefowa\u0107 agencji\u201d co kilka miesi\u0119cy.<\/p>\n<p><strong>Przejrzysto\u015b\u0107 operacyjna<\/strong><\/p>\n<p>Przejrzysto\u015b\u0107 to nie tylko raporty \u2014 to uproszczona logika ca\u0142ego procesu: od briefu do aktywacji, od danych do decyzji. Bez porozrzucanych plik\u00f3w, konkuruj\u0105cych dashboard\u00f3w i niejasnej odpowiedzialno\u015bci. Projektujemy proces tak, by ka\u017cda metryka mia\u0142a \u017ar\u00f3d\u0142o, ka\u017cda decyzja mia\u0142a uzasadnienie, a ka\u017cdy wynik \u2014 mierzaln\u0105 przyczyn\u0119.<\/p>\n<p>Powy\u017csze nie s\u0105 naszym schematem do przekonywania przysz\u0142ych klient\u00f3w. To model, w kt\u00f3rym naprawd\u0119 pracujemy. Dla Klienta oznacza to mniej niewiadomych, szybsze decyzje i wi\u0119ksz\u0105 kontrol\u0119 nad ca\u0142osci\u0105 operacji mediowych. Dla nas \u2014 to kompas, kt\u00f3rym pos\u0142ugujmy si\u0119 w naszej pracy.<\/p>\n<p>[\/et_pb_text][\/et_pb_column][\/et_pb_row][et_pb_row column_structure=&#8221;1_3,1_3,1_3&#8243; _builder_version=&#8221;4.27.4&#8243; _module_preset=&#8221;default&#8221; global_colors_info=&#8221;{}&#8221;][et_pb_column type=&#8221;1_3&#8243; _builder_version=&#8221;4.27.4&#8243; _module_preset=&#8221;default&#8221; global_colors_info=&#8221;{}&#8221;][et_pb_button button_url=&#8221;https:\/\/pureplay.pl\/index.php\/sesja\/&#8221; button_text=&#8221;Um\u00f3wmy si\u0119 na spotkanie w temacie in-house&#8221; button_alignment=&#8221;left&#8221; _builder_version=&#8221;4.27.4&#8243; _module_preset=&#8221;default&#8221; custom_button=&#8221;on&#8221; button_text_size=&#8221;20px&#8221; button_text_color=&#8221;#FFFFFF&#8221; button_bg_color=&#8221;#00529C&#8221; button_border_color=&#8221;#FFFFFF&#8221; button_border_radius=&#8221;9px&#8221; button_letter_spacing=&#8221;1px&#8221; button_font=&#8221;|700|||||||&#8221; button_use_icon=&#8221;off&#8221; hover_enabled=&#8221;0&#8243; box_shadow_style=&#8221;preset1&#8243; global_colors_info=&#8221;{}&#8221; sticky_enabled=&#8221;0&#8243; button_bg_enable_color=&#8221;on&#8221;][\/et_pb_button][\/et_pb_column][et_pb_column type=&#8221;1_3&#8243; _builder_version=&#8221;4.27.4&#8243; _module_preset=&#8221;default&#8221; global_colors_info=&#8221;{}&#8221;][\/et_pb_column][et_pb_column type=&#8221;1_3&#8243; _builder_version=&#8221;4.27.4&#8243; _module_preset=&#8221;default&#8221; global_colors_info=&#8221;{}&#8221;][\/et_pb_column][\/et_pb_row][\/et_pb_section]<\/p>\n","protected":false},"excerpt":{"rendered":"<p>\u00a0 Model Obs\u0142ugiPure Play to partner, kt\u00f3ry pomaga globalnym markom podej\u015b\u0107 inaczej do medi\u00f3w digital. Zamiast oddawa\u0107 wszystko w r\u0119ce agencji, budujemy Klientom wewn\u0119trzne zespo\u0142y eksperckie, kt\u00f3re przejmuj\u0105 pe\u0142n\u0105 odpowiedzialno\u015b\u0107 za planowanie, zakup i optymalizacj\u0119 medi\u00f3w \u2014 z wi\u0119ksz\u0105 kontrol\u0105, lepszymi efektami i realnymi oszcz\u0119dno\u015bciami. Dzia\u0142amy elastycznie \u2014 w zale\u017cno\u015bci od potrzeb. Mo\u017cemy zbudowa\u0107 ca\u0142y [&hellip;]<\/p>\n","protected":false},"author":1,"featured_media":0,"parent":0,"menu_order":0,"comment_status":"closed","ping_status":"closed","template":"","meta":{"_et_pb_use_builder":"on","_et_pb_old_content":"","_et_gb_content_width":"","footnotes":""},"class_list":["post-586","page","type-page","status-publish","hentry"],"_links":{"self":[{"href":"https:\/\/pureplay.pl\/index.php\/wp-json\/wp\/v2\/pages\/586","targetHints":{"allow":["GET"]}}],"collection":[{"href":"https:\/\/pureplay.pl\/index.php\/wp-json\/wp\/v2\/pages"}],"about":[{"href":"https:\/\/pureplay.pl\/index.php\/wp-json\/wp\/v2\/types\/page"}],"author":[{"embeddable":true,"href":"https:\/\/pureplay.pl\/index.php\/wp-json\/wp\/v2\/users\/1"}],"replies":[{"embeddable":true,"href":"https:\/\/pureplay.pl\/index.php\/wp-json\/wp\/v2\/comments?post=586"}],"version-history":[{"count":111,"href":"https:\/\/pureplay.pl\/index.php\/wp-json\/wp\/v2\/pages\/586\/revisions"}],"predecessor-version":[{"id":1638,"href":"https:\/\/pureplay.pl\/index.php\/wp-json\/wp\/v2\/pages\/586\/revisions\/1638"}],"wp:attachment":[{"href":"https:\/\/pureplay.pl\/index.php\/wp-json\/wp\/v2\/media?parent=586"}],"curies":[{"name":"wp","href":"https:\/\/api.w.org\/{rel}","templated":true}]}}