{"id":884,"date":"2025-06-19T14:47:40","date_gmt":"2025-06-19T12:47:40","guid":{"rendered":"https:\/\/pureplay.pl\/?page_id=884"},"modified":"2025-08-16T15:09:20","modified_gmt":"2025-08-16T13:09:20","slug":"korzysci-klientow","status":"publish","type":"page","link":"https:\/\/pureplay.pl\/index.php\/korzysci-klientow\/","title":{"rendered":"Korzy\u015bci Klient\u00f3w"},"content":{"rendered":"<p>[et_pb_section fb_built=&#8221;1&#8243; _builder_version=&#8221;4.27.4&#8243; _module_preset=&#8221;default&#8221; vertical_offset=&#8221;-51px&#8221; global_colors_info=&#8221;{}&#8221;][et_pb_row column_structure=&#8221;1_4,3_4&#8243; _builder_version=&#8221;4.27.4&#8243; _module_preset=&#8221;default&#8221; background_image=&#8221;https:\/\/pureplay.pl\/wp-content\/uploads\/2025\/06\/AdobeStock_1093199527-scaled-1.png&#8221; min_height=&#8221;385px&#8221; height=&#8221;100px&#8221; max_height=&#8221;100px&#8221; border_color_top=&#8221;#d3d3d3&#8243; global_colors_info=&#8221;{}&#8221;][et_pb_column type=&#8221;1_4&#8243; _builder_version=&#8221;4.27.4&#8243; _module_preset=&#8221;default&#8221; global_colors_info=&#8221;{}&#8221;][et_pb_text _builder_version=&#8221;4.27.4&#8243; _module_preset=&#8221;default&#8221; text_font=&#8221;Manrope|700|||||||&#8221; text_text_color=&#8221;#000000&#8243; text_font_size=&#8221;22px&#8221; text_line_height=&#8221;1.9em&#8221; background_color=&#8221;#FFFFFF&#8221; positioning=&#8221;relative&#8221; vertical_offset=&#8221;305px&#8221; horizontal_offset=&#8221;14px&#8221; border_radii=&#8221;on|2px|2px|2px|2px&#8221; global_colors_info=&#8221;{}&#8221;]<\/p>\n<p>\u00a0 Korzy\u015bci Klient\u00f3w<\/p>\n<p>[\/et_pb_text][\/et_pb_column][et_pb_column type=&#8221;3_4&#8243; _builder_version=&#8221;4.27.4&#8243; _module_preset=&#8221;default&#8221; global_colors_info=&#8221;{}&#8221;][\/et_pb_column][\/et_pb_row][et_pb_row _builder_version=&#8221;4.27.4&#8243; _module_preset=&#8221;default&#8221; vertical_offset=&#8221;-18px&#8221; horizontal_offset=&#8221;0px&#8221; min_height=&#8221;237px&#8221; height=&#8221;321px&#8221; max_height=&#8221;227px&#8221; global_colors_info=&#8221;{}&#8221;][et_pb_column type=&#8221;4_4&#8243; _builder_version=&#8221;4.27.4&#8243; _module_preset=&#8221;default&#8221; global_colors_info=&#8221;{}&#8221;][et_pb_text _builder_version=&#8221;4.27.4&#8243; _module_preset=&#8221;default&#8221; text_font=&#8221;Manrope||||||||&#8221; text_text_color=&#8221;#404040&#8243; text_font_size=&#8221;17px&#8221; text_line_height=&#8221;1.8em&#8221; positioning=&#8221;relative&#8221; vertical_offset=&#8221;0px&#8221; global_colors_info=&#8221;{}&#8221;]<\/p>\n<p class=\"p1\">Warto\u015b\u0107, jak\u0105 Pure Play wnosi do organizacji Klienta, opiera si\u0119 na efektywno\u015bci strukturalnej, mierzalnych wynikach i przejrzystym modelu zarz\u0105dzania funkcj\u0105 mediow\u0105. Nie poprawiamy tylko kampanii \u2014 zmieniamy spos\u00f3b, w jaki media dzia\u0142aj\u0105 jako realne narz\u0119dzie biznesowe. Dzi\u0119ki powi\u0105zaniu egzekucji z celami finansowymi pomagamy Klientom przekszta\u0142ci\u0107 marketing z kategorii kosztowej w kontrolowalny, efektywno\u015bciowy obszar dzia\u0142ania.<\/p>\n<p class=\"p1\">Warto\u015b\u0107, kt\u00f3r\u0105 dostarczamy, nie ko\u0144czy si\u0119 na wska\u017anikach mediowych. Obejmuje obni\u017cenie koszt\u00f3w, skr\u00f3cenie cyklu decyzyjnego, pe\u0142n\u0105 widoczno\u015b\u0107 operacyjn\u0105 i realny wp\u0142yw na rentowno\u015b\u0107. Niezale\u017cnie od tego, czy Klient chce rozbudowa\u0107 wewn\u0119trzne kompetencje, odzyska\u0107 kontrol\u0119 po stronie agencji, czy poprawi\u0107 ekonomi\u0119 dzia\u0142ania medi\u00f3w \u2014 nasz model zosta\u0142 zaprojektowany tak, by generowa\u0107 widoczny, obroniony i skalowalny efekt biznesowy w r\u00f3\u017cnych funkcjach i rynkach.<\/p>\n<p>[\/et_pb_text][\/et_pb_column][\/et_pb_row][et_pb_row disabled_on=&#8221;off|off|off&#8221; _builder_version=&#8221;4.27.4&#8243; _module_preset=&#8221;default&#8221; background_color=&#8221;#00529C&#8221; vertical_offset=&#8221;7px&#8221; min_height=&#8221;46px&#8221; height=&#8221;49px&#8221; max_height=&#8221;1000px&#8221; custom_margin=&#8221;0px||0px||false|false&#8221; border_radii=&#8221;on|2px|2px|2px|2px&#8221; global_colors_info=&#8221;{}&#8221;][et_pb_column type=&#8221;4_4&#8243; _builder_version=&#8221;4.27.4&#8243; _module_preset=&#8221;default&#8221; global_colors_info=&#8221;{}&#8221;][et_pb_text content_tablet=&#8221;<\/p>\n<p>Warto\u015b\u0107 dla Klient\u00f3w<\/p>\n<p>&#8221; content_phone=&#8221;<\/p>\n<p>Warto\u015b\u0107 dla Klient\u00f3w<\/p>\n<p>&#8221; content_last_edited=&#8221;on|phone&#8221; _builder_version=&#8221;4.27.4&#8243; _module_preset=&#8221;default&#8221; text_font=&#8221;Manrope|700|||||||&#8221; text_text_color=&#8221;#FFFFFF&#8221; text_font_size=&#8221;29px&#8221; background_color=&#8221;RGBA(255,255,255,0)&#8221; positioning=&#8221;relative&#8221; vertical_offset=&#8221;-9px&#8221; horizontal_offset=&#8221;10px&#8221; z_index=&#8221;0&#8243; custom_margin=&#8221;||0px||false|false&#8221; global_colors_info=&#8221;{}&#8221;]<\/p>\n<p>3 Filary Warto\u015bci dla Klient\u00f3w<\/p>\n<p>[\/et_pb_text][\/et_pb_column][\/et_pb_row][et_pb_row column_structure=&#8221;1_3,1_3,1_3&#8243; disabled_on=&#8221;off|off|off&#8221; _builder_version=&#8221;4.27.4&#8243; _module_preset=&#8221;default&#8221; vertical_offset=&#8221;-7px&#8221; custom_margin=&#8221;10px|auto||auto||&#8221; global_colors_info=&#8221;{}&#8221;][et_pb_column type=&#8221;1_3&#8243; _builder_version=&#8221;4.27.4&#8243; _module_preset=&#8221;default&#8221; global_colors_info=&#8221;{}&#8221;][et_pb_text disabled_on=&#8221;off|off|off&#8221; _builder_version=&#8221;4.27.4&#8243; _module_preset=&#8221;default&#8221; text_text_color=&#8221;#404040&#8243; text_font_size=&#8221;24px&#8221; global_colors_info=&#8221;{}&#8221;]<\/p>\n<p>Kompetencje<\/p>\n<p>[\/et_pb_text][\/et_pb_column][et_pb_column type=&#8221;1_3&#8243; _builder_version=&#8221;4.27.4&#8243; _module_preset=&#8221;default&#8221; global_colors_info=&#8221;{}&#8221;][et_pb_text disabled_on=&#8221;off|off|off&#8221; _builder_version=&#8221;4.27.4&#8243; _module_preset=&#8221;default&#8221; text_text_color=&#8221;#404040&#8243; text_font_size=&#8221;24px&#8221; global_colors_info=&#8221;{}&#8221;]<\/p>\n<p>Korzy\u015bci<\/p>\n<p>[\/et_pb_text][\/et_pb_column][et_pb_column type=&#8221;1_3&#8243; _builder_version=&#8221;4.27.4&#8243; _module_preset=&#8221;default&#8221; global_colors_info=&#8221;{}&#8221;][et_pb_text _builder_version=&#8221;4.27.4&#8243; _module_preset=&#8221;default&#8221; text_text_color=&#8221;#404040&#8243; text_font_size=&#8221;24px&#8221; global_colors_info=&#8221;{}&#8221;]<\/p>\n<p>Efekty biznesowe<\/p>\n<p>[\/et_pb_text][\/et_pb_column][\/et_pb_row][et_pb_row column_structure=&#8221;1_3,1_3,1_3&#8243; _builder_version=&#8221;4.27.4&#8243; _module_preset=&#8221;default&#8221; vertical_offset=&#8221;-48px&#8221; min_height=&#8221;100px&#8221; custom_margin=&#8221;||-26px||false|false&#8221; global_colors_info=&#8221;{}&#8221;][et_pb_column type=&#8221;1_3&#8243; _builder_version=&#8221;4.27.4&#8243; _module_preset=&#8221;default&#8221; global_colors_info=&#8221;{}&#8221;][et_pb_image src=&#8221;https:\/\/pureplay.pl\/wp-content\/uploads\/2025\/06\/1_AdobeStock_639704870-scaled-1.png&#8221; title_text=&#8221;1_AdobeStock_639704870-scaled&#8221; show_in_lightbox=&#8221;on&#8221; module_id=&#8221;my-image-hover-text&#8221; module_class=&#8221;`my-image-hover-text`&#8221; _builder_version=&#8221;4.27.4&#8243; _module_preset=&#8221;default&#8221; custom_css_free_form=&#8221;.my-image-hover-text .et_overlay:before {||    content: %22We build focused, high-competence media teams tailored to each client\u2019s business. Every role \u2014 from strategic lead to media buyer and analyst \u2014 is clearly defined and fully dedicated to one client only. No split focus. No shared resources. Our people are measured by business outcomes, not agency KPIs. This ensures full control, speed, and consistency \u2014 without the overhead of legacy agency structures.ekst%22;||    font-family: inherit;||    font-size: 19px;||    text-align: center;||    transform: translateX(-50%) translateY(-50%);||    margin-left: 0;||    width: 80%;||}&#8221; global_colors_info=&#8221;{}&#8221;][\/et_pb_image][et_pb_text _builder_version=&#8221;4.27.4&#8243; _module_preset=&#8221;default&#8221; text_text_color=&#8221;#000000&#8243; text_font_size=&#8221;16px&#8221; global_colors_info=&#8221;{}&#8221;]<\/p>\n<p class=\"p1\" style=\"text-align: justify;\">Podstaw\u0105 warto\u015bci, jak\u0105 Pure Play wnosi dla Klient\u00f3w, jest jako\u015b\u0107 i skupienie zespo\u0142\u00f3w, kt\u00f3re wdra\u017camy. Nasz zesp\u00f3\u0142 to nie s\u0105 multibran\u017cowi konsultanci, freelancerzy ani wsp\u00f3\u0142dzielone zasoby agencyjne \u2014 a dedykowani, wysokiej klasy specjali\u015bci mediowi z do\u015bwiadczeniem w obszarach strategii, platform, danych, zakupu i optymalizacji. Tym, co ich wyr\u00f3\u017cnia, nie s\u0105 tylko kompetencje, ale spos\u00f3b dzia\u0142ania: nie funkcjonuj\u0105 obok organizacji Klienta, lecz s\u0105 w niej osadzeni \u2014 w jej strukturach, narz\u0119dziach i trybie operacyjnym.<\/p>\n<p class=\"p1\" style=\"text-align: justify;\">Dzi\u0119ki temu nasze zespo\u0142y potrafi\u0105 realnie dostosowa\u0107 si\u0119 do cel\u00f3w biznesowych Klient\u00f3w, prze\u0142o\u017cy\u0107 wewn\u0119trzne priorytety na konkretne decyzje mediowe i dzia\u0142a\u0107 z w spos\u00f3b zdecydowany i szybki. Pracuj\u0105c z Pure Play Klienci nie \u201ewynajmuj\u0105\u201d wsparcia mediowego \u2014 buduj\u0105 w\u0142asne kompetencje, wiedz\u0119 i kontrol\u0119 nad tym, jak media pracuj\u0105 dla ich biznesu.<\/p>\n<p>[\/et_pb_text][\/et_pb_column][et_pb_column type=&#8221;1_3&#8243; _builder_version=&#8221;4.27.4&#8243; _module_preset=&#8221;default&#8221; global_colors_info=&#8221;{}&#8221;][et_pb_image src=&#8221;https:\/\/pureplay.pl\/wp-content\/uploads\/2025\/06\/1_Tech_AdobeStock_389416394-1-scaled-1.png&#8221; title_text=&#8221;1_Tech_AdobeStock_389416394-1-scaled&#8221; _builder_version=&#8221;4.27.4&#8243; _module_preset=&#8221;default&#8221; global_colors_info=&#8221;{}&#8221;][\/et_pb_image][et_pb_text _builder_version=&#8221;4.27.4&#8243; _module_preset=&#8221;default&#8221; text_text_color=&#8221;#000000&#8243; text_font_size=&#8221;16px&#8221; global_colors_info=&#8221;{}&#8221;]<\/p>\n<p class=\"p1\" style=\"text-align: justify;\">Nasz model operacyjny zosta\u0142 zaprojektowany tak, aby dostarcza\u0107 przewagi strukturalne, a nie tylko taktyczne efekty. Klienci zyskuj\u0105 pe\u0142n\u0105 przejrzysto\u015b\u0107 operacji mediowych: wiedz\u0105, ile wydaj\u0105, gdzie trafiaj\u0105 bud\u017cety, jakie przynosz\u0105 wyniki i na jakiej podstawie podejmowane s\u0105 decyzje. Korzystaj\u0105 z kr\u00f3tszych cykli aktywacji kampanii, wi\u0119kszej kontroli nad struktur\u0105 koszt\u00f3w i uproszczonego modelu operacyjnego, kt\u00f3ry eliminuje typowe nieefektywno\u015bci agencji.<\/p>\n<p class=\"p1\" style=\"text-align: justify;\">Ale korzy\u015b\u0107 wykracza poza aspekt operacyjny \u2014 ma charakter strategiczny. Media staj\u0105 si\u0119 funkcj\u0105 zintegrowan\u0105 z innymi obszarami organizacji, powi\u0105zan\u0105 z finansami i dzia\u0142em zakup\u00f3w, wspieraj\u0105c\u0105 szersze cele biznesowe. Dzi\u0119ki temu decyzje s\u0105 podejmowane szybciej, ryzyko jest ni\u017csze, a operacje mediowe skaluj\u0105 si\u0119 bez zb\u0119dnych barier i komplikacji.<\/p>\n<p>[\/et_pb_text][\/et_pb_column][et_pb_column type=&#8221;1_3&#8243; _builder_version=&#8221;4.27.4&#8243; _module_preset=&#8221;default&#8221; global_colors_info=&#8221;{}&#8221;][et_pb_image src=&#8221;https:\/\/pureplay.pl\/wp-content\/uploads\/2025\/06\/1_AdobeStock_519549071.png&#8221; title_text=&#8221;1_AdobeStock_519549071&#8243; _builder_version=&#8221;4.27.4&#8243; _module_preset=&#8221;default&#8221; global_colors_info=&#8221;{}&#8221;][\/et_pb_image][et_pb_text _builder_version=&#8221;4.27.4&#8243; _module_preset=&#8221;default&#8221; text_text_color=&#8221;#000000&#8243; text_font_size=&#8221;16px&#8221; global_colors_info=&#8221;{}&#8221;]<\/p>\n<p class=\"p1\" style=\"text-align: justify;\">Warto\u015b\u0107 definiujemy przez to, co si\u0119 realnie zmienia \u2014 a nie przez to, co zosta\u0142o zadeklarowane. Klienci wsp\u00f3\u0142pracuj\u0105cy z Pure Play widz\u0105 mierzalny wp\u0142yw w trzech kluczowych obszarach: koszt\u00f3w, szybko\u015bci dzia\u0142ania i kontrybucji finansowej. Koszty mediowe spadaj\u0105 bez utraty efektywno\u015bci. Kampanie ruszaj\u0105 szybciej, dzi\u0119ki jasno zdefiniowanym procesom i kontroli w czasie rzeczywistym. A wp\u0142yw medi\u00f3w na wyniki biznesowe \u2014 od przychodu po mar\u017c\u0119 \u2014 staje si\u0119 widoczny, mierzalny i powtarzalny.<\/p>\n<p class=\"p1\" style=\"text-align: justify;\">To nie s\u0105 pojedyncze sukcesy. To efekt systemowego podej\u015bcia \u2014 wpisany w spos\u00f3b, w jaki pracujemy, raportujemy i jeste\u015bmy rozliczani. Dla Klienta oznacza to nie tylko lepsze kampanie, ale operacj\u0119 mediow\u0105, kt\u00f3ra generuje realn\u0105 warto\u015b\u0107 biznesow\u0105.<\/p>\n<p>[\/et_pb_text][\/et_pb_column][\/et_pb_row][et_pb_row _builder_version=&#8221;4.27.4&#8243; _module_preset=&#8221;default&#8221; background_color=&#8221;#00529C&#8221; min_height=&#8221;46px&#8221; height=&#8221;49px&#8221; max_height=&#8221;1000px&#8221; custom_margin=&#8221;0px||0px||false|false&#8221; hover_enabled=&#8221;0&#8243; border_radii=&#8221;on|2px|2px|2px|2px&#8221; global_colors_info=&#8221;{}&#8221; sticky_enabled=&#8221;0&#8243;][et_pb_column type=&#8221;4_4&#8243; _builder_version=&#8221;4.27.4&#8243; _module_preset=&#8221;default&#8221; global_colors_info=&#8221;{}&#8221;][et_pb_text content_tablet=&#8221;<\/p>\n<p>Co wnosimy<\/p>\n<p>&#8221; content_phone=&#8221;<\/p>\n<p>Co wnosimy<\/p>\n<p>&#8221; content_last_edited=&#8221;on|phone&#8221; _builder_version=&#8221;4.27.4&#8243; _module_preset=&#8221;default&#8221; text_font=&#8221;Manrope|700|||||||&#8221; text_text_color=&#8221;#FFFFFF&#8221; text_font_size=&#8221;29px&#8221; background_color=&#8221;RGBA(255,255,255,0)&#8221; positioning=&#8221;relative&#8221; vertical_offset=&#8221;-9px&#8221; horizontal_offset=&#8221;10px&#8221; z_index=&#8221;0&#8243; custom_margin=&#8221;||0px||false|false&#8221; hover_enabled=&#8221;0&#8243; global_colors_info=&#8221;{}&#8221; sticky_enabled=&#8221;0&#8243;]<\/p>\n<p>Komponenty Warto\u015bci Pure Play<\/p>\n<p>[\/et_pb_text][\/et_pb_column][\/et_pb_row][et_pb_row _builder_version=&#8221;4.27.4&#8243; _module_preset=&#8221;default&#8221; global_colors_info=&#8221;{}&#8221;][et_pb_column type=&#8221;4_4&#8243; _builder_version=&#8221;4.27.4&#8243; _module_preset=&#8221;default&#8221; global_colors_info=&#8221;{}&#8221;][et_pb_text _builder_version=&#8221;4.27.4&#8243; _module_preset=&#8221;default&#8221; text_text_color=&#8221;#000000&#8243; text_font_size=&#8221;16px&#8221; global_colors_info=&#8221;{}&#8221;]<\/p>\n<p class=\"p1\">Warto\u015b\u0107 tworzymy nie przez oferowanie us\u0142ug, lecz przez budowanie medi\u00f3w jako funkcji operacyjnej wewn\u0105trz organizacji Klienta. Ta warto\u015b\u0107 wynika z po\u0142\u0105czenia g\u0142\u0119bokich kompetencji, przewag strukturalnych i mierzalnych rezultat\u00f3w.<\/p>\n<p class=\"p1\">Zaczynamy od tego, co robimy najlepiej: zarz\u0105dzania mediami w oparciu o konkretne cele biznesowe \u2014 od budowania marki i pozyskiwania Klient\u00f3w, przez optymalizacj\u0119 ROI, a\u017c po aktywacj\u0119 sprzeda\u017cy i e-commerce. Strategi\u0119 przek\u0142adamy na egzekucj\u0119 z pe\u0142n\u0105 jasno\u015bci\u0105, sp\u00f3jno\u015bci\u0105 i odpowiedzialno\u015bci\u0105.<\/p>\n<p class=\"p1\">Dalej pojawiaj\u0105 si\u0119 korzy\u015bci operacyjne: szybsze decyzje, ni\u017csze koszty, wi\u0119ksza przejrzysto\u015b\u0107 i w\u0142asno\u015b\u0107 po stronie Klienta \u2014 dzi\u0119ki zespo\u0142om typu lean, bezpo\u015bredniej kontroli i uporz\u0105dkowanemu modelowi dzia\u0142ania.<\/p>\n<p class=\"p1\">I wreszcie \u2014 mierzymy to, co si\u0119 realnie zmienia: spos\u00f3b zakupu medi\u00f3w, ich efektywno\u015b\u0107 i wk\u0142ad w wynik finansowy. To nie s\u0105 tylko dzia\u0142ania \u2014 to konkretne rezultaty. Wbudowane w model. Widoczne. Powtarzalne.<\/p>\n<p>[\/et_pb_text][\/et_pb_column][\/et_pb_row][et_pb_row _builder_version=&#8221;4.27.4&#8243; _module_preset=&#8221;default&#8221; global_colors_info=&#8221;{}&#8221;][et_pb_column type=&#8221;4_4&#8243; _builder_version=&#8221;4.27.4&#8243; _module_preset=&#8221;default&#8221; global_colors_info=&#8221;{}&#8221;][et_pb_text _builder_version=&#8221;4.27.4&#8243; _module_preset=&#8221;default&#8221; text_text_color=&#8221;#000000&#8243; text_font_size=&#8221;16px&#8221; header_4_font=&#8221;|700|||||||&#8221; header_4_font_size=&#8221;21px&#8221; border_width_bottom=&#8221;1px&#8221; global_colors_info=&#8221;{}&#8221;]<\/p>\n<h4><span style=\"color: #000000;\"><strong>NASZE KOMPETENCJE<\/strong><\/span><\/h4>\n<p><span style=\"color: #000000;\"><strong><\/strong><\/span><\/p>\n<p><strong><\/strong><\/p>\n<p><strong>Budowanie marek<\/strong><\/p>\n<p class=\"p1\">Projektujemy kampanie brandingowe w modelu multichannel, kt\u00f3re buduj\u0105 \u015bwiadomo\u015b\u0107, zainteresowanie i d\u0142ugofalow\u0105 warto\u015b\u0107 marki \u2014 z mierzalnym wp\u0142ywem w kana\u0142ach takich jak wideo, social, display i CTV.<\/p>\n<p><strong>Performance i ROI<\/strong><\/p>\n<p class=\"p1\">Prowadzimy dzia\u0142ania performance\u2019owe z naciskiem na efektywno\u015b\u0107 jednostkow\u0105, przejrzysto\u015b\u0107 atrybucji i realny zwrot z inwestycji \u2014 optymalizuj\u0105c codziennie pod k\u0105tem efekt\u00f3w, a nie tylko aktywno\u015bci..<\/p>\n<p><strong>Pozyskiwanie klient\u00f3w<\/strong><\/p>\n<p class=\"p1\">Budujemy skalowalne programy akwizycji oparte na intencji u\u017cytkownika, prawdopodobie\u0144stwie konwersji i ekonomice lejka \u2014 zaprojektowane tak, by dostarcza\u0107 wzrost przy pe\u0142nej dyscyplinie kosztowej.<\/p>\n<p><strong>Utrzymanie i lojalno\u015b\u0107 klient\u00f3w<\/strong><\/p>\n<p class=\"p1\">Wspieramy warto\u015b\u0107 \u017cyciow\u0105 Klienta (CLV) poprzez kampanie retencyjne \u2014 w tym dzia\u0142ania CRM, \u015bcie\u017cki reaktywacyjne i precyzyjne segmentowanie odbiorc\u00f3w.<\/p>\n<p><strong>Sprzeda\u017c i marketing multichannelowy<\/strong><\/p>\n<p class=\"p1\">\u0141\u0105czymy media bezpo\u015brednio z transakcj\u0105 \u2014 online lub offline. Niezale\u017cnie od tego, czy celem jest e-commerce, DTC czy wsparcie retailu, planujemy i mierzymy dzia\u0142ania tak, by dostarcza\u0142y inkrementalny efekt na ca\u0142ej \u015bcie\u017cce u\u017cytkownika.<\/p>\n<p>&nbsp;<\/p>\n<p>[\/et_pb_text][\/et_pb_column][\/et_pb_row][et_pb_row _builder_version=&#8221;4.27.4&#8243; _module_preset=&#8221;default&#8221; global_colors_info=&#8221;{}&#8221;][et_pb_column type=&#8221;4_4&#8243; _builder_version=&#8221;4.27.4&#8243; _module_preset=&#8221;default&#8221; global_colors_info=&#8221;{}&#8221;][et_pb_text _builder_version=&#8221;4.27.4&#8243; _module_preset=&#8221;default&#8221; text_text_color=&#8221;#000000&#8243; text_font_size=&#8221;16px&#8221; header_4_font=&#8221;|700|||||||&#8221; header_4_font_size=&#8221;21px&#8221; border_width_bottom=&#8221;1px&#8221; global_colors_info=&#8221;{}&#8221;]<\/p>\n<h4><span style=\"color: #000000;\"><strong>KORZY\u015aCI KLIENT\u00d3W\u00a0<\/strong><\/span><strong><\/strong><\/h4>\n<p><strong><\/strong><\/p>\n<p><strong><\/strong><\/p>\n<p><strong>Ni\u017csze koszty zakupu medi\u00f3w<\/strong><\/p>\n<p class=\"p1\">Klienci zazwyczaj obni\u017caj\u0105 koszty medi\u00f3w o 20\u201340% dzi\u0119ki kontroli na poziomie platform, transparentno\u015bci zakupoowej i eliminacji mar\u017cuj\u0105cych struktur agencyjnych.<\/p>\n<p><strong>Szybsze cykle decyzyjne<\/strong><\/p>\n<p class=\"p1\">Dzi\u0119ki dost\u0119powi do danych w czasie rzeczywistym i zespo\u0142om osadzonym w strukturze, Klienci przyspieszaj\u0105 planowanie, aktywacj\u0119 i optymalizacj\u0119 \u2014 przechodz\u0105c z rytmu tygodniowego na dzia\u0142ania codzienne.<\/p>\n<p><strong>Transparento\u015b\u0107 operacyjna<\/strong><\/p>\n<p class=\"p1\">Pe\u0142na przejrzysto\u015b\u0107 wydatk\u00f3w, konfiguracji kampanii, czynnik\u00f3w wp\u0142ywaj\u0105cych na wyniki i ustawie\u0144 platform \u2014 bez ukrytych element\u00f3w, w pe\u0142ni udokumentowane.<\/p>\n<p><strong>Pe\u0142na w\u0142asno\u015b\u0107 platform i kontrola nad nimi<\/strong><\/p>\n<p class=\"p1\">Media staj\u0105 si\u0119 cz\u0119\u015bci\u0105 organizacji, a nie us\u0142ug\u0105 zewn\u0119trzn\u0105. Klienci maj\u0105 bezpo\u015bredni dost\u0119p do narz\u0119dzi, danych i decyzji.<\/p>\n<p><strong>Pe\u0142na integracja w organizacji<\/strong><\/p>\n<p class=\"p1\">Operacje mediowe s\u0105 zintegrowane z marketingiem, finansami, procurementem i ecommerce \u2014 co zmniejsza silosy i poprawia koordynacj\u0119 dzia\u0142a\u0144.<\/p>\n<p><strong>Skalowalno\u015b\u0107 bez dodatkowych overhead<\/strong><\/p>\n<p class=\"p1\">Nasz model pozwala skalowa\u0107 dzia\u0142ania na kolejne rynki i jednostki biznesowe \u2014 bez rozbudowy wewn\u0119trznych struktur i utraty kontroli.<\/p>\n<p>&nbsp;<\/p>\n<p>[\/et_pb_text][\/et_pb_column][\/et_pb_row][et_pb_row _builder_version=&#8221;4.27.4&#8243; _module_preset=&#8221;default&#8221; global_colors_info=&#8221;{}&#8221;][et_pb_column type=&#8221;4_4&#8243; _builder_version=&#8221;4.27.4&#8243; _module_preset=&#8221;default&#8221; global_colors_info=&#8221;{}&#8221;][et_pb_text _builder_version=&#8221;4.27.4&#8243; _module_preset=&#8221;default&#8221; text_text_color=&#8221;#000000&#8243; text_font_size=&#8221;16px&#8221; header_4_font=&#8221;|700|||||||&#8221; header_4_font_size=&#8221;21px&#8221; custom_padding=&#8221;||24px|||&#8221; global_colors_info=&#8221;{}&#8221;]<\/p>\n<h4><span style=\"color: #000000;\"><strong>EFEKTY BIZNESOWE<\/strong><\/span><\/h4>\n<p><strong><\/strong><\/p>\n<p><strong>Ni\u017cszy koszt zakupu medi\u00f3w\u00a0<\/strong><\/p>\n<p class=\"p1\">Obni\u017camy realny koszt prowadzenia dzia\u0142a\u0144 mediowych, eliminuj\u0105c wielopoziomowe mar\u017ce, nieefektywne struktury agencyjne i po\u015brednie modele zakupu. Nasi Klienci kupuj\u0105 media bezpo\u015brednio, przejrzy\u015bcie i z pe\u0142n\u0105 kontrol\u0105 \u2014 zyskuj\u0105c wi\u0119ksz\u0105 warto\u015b\u0107 bez kompromis\u00f3w w zakresie skali czy jako\u015bci.<\/p>\n<p><strong>Bardziej skuteczne kampanie\u00a0<\/strong><\/p>\n<p class=\"p1\">Dzi\u0119ki wewn\u0119trzenie zintegrowanym zespo\u0142om, zdefiniowanym procesom i zintegrowanym narz\u0119dziom, przygotowanie i prowadzenie kampanii staje si\u0119 szybsze i bardziej przewidywalne. Klienci zyskuj\u0105 mniej op\u00f3\u017anie\u0144, czystszy start i operacj\u0119 mediow\u0105, kt\u00f3ra szybciej reaguje na potrzeby biznesu.<\/p>\n<p><strong>Lepsza kontrola nad skuteczno\u015bci\u0105 mediow\u0105<\/strong><\/p>\n<p class=\"p1\">Zapewniamy Klientom bie\u017c\u0105cy wgl\u0105d w to, gdzie trafiaj\u0105 bud\u017cety, jak pracuj\u0105 i co mo\u017cna optymalizowa\u0107. Dzi\u0119ki klarownym KPI, dashboardom i ci\u0105g\u0142ej analizie, efektywno\u015b\u0107 staje si\u0119 mierzalna i zarz\u0105dzalna \u2014 a nie oceniana \u201ena oko\u201d.<\/p>\n<p><strong>Pozytywny wp\u0142yw na zysk firmy\u00a0<\/strong><\/p>\n<p class=\"p1\">Nasz model poprawia ekonomiczn\u0105 efektywno\u015b\u0107 medi\u00f3w, obni\u017caj\u0105c koszt dotarcia do efektu i \u0142\u0105cz\u0105c inwestycje z realnymi wynikami biznesowymi. Klienci zyskuj\u0105 nie tylko lepszy ROAS, ale tak\u017ce wy\u017csz\u0105 mar\u017c\u0119, lepsz\u0105 efektywno\u015b\u0107 jednostkow\u0105 i skuteczniejsze pozyskiwanie Klient\u00f3w.<\/p>\n<p>&nbsp;<\/p>\n<p>[\/et_pb_text][\/et_pb_column][\/et_pb_row][et_pb_row column_structure=&#8221;1_3,1_3,1_3&#8243; _builder_version=&#8221;4.27.4&#8243; _module_preset=&#8221;default&#8221; global_colors_info=&#8221;{}&#8221;][et_pb_column type=&#8221;1_3&#8243; _builder_version=&#8221;4.27.4&#8243; _module_preset=&#8221;default&#8221; global_colors_info=&#8221;{}&#8221;][et_pb_button button_url=&#8221;https:\/\/pureplay.pl\/index.php\/sesja\/&#8221; button_text=&#8221;Um\u00f3wmy si\u0119, aby przedstawi\u0107 ile mo\u017cna zyska\u0107 dzi\u0119ki in-house&#8221; button_alignment=&#8221;left&#8221; _builder_version=&#8221;4.27.4&#8243; _module_preset=&#8221;default&#8221; custom_button=&#8221;on&#8221; button_text_size=&#8221;20px&#8221; button_text_color=&#8221;#FFFFFF&#8221; button_bg_color=&#8221;#00529C&#8221; button_border_color=&#8221;#FFFFFF&#8221; button_border_radius=&#8221;9px&#8221; button_letter_spacing=&#8221;1px&#8221; button_font=&#8221;|700|||||||&#8221; button_use_icon=&#8221;off&#8221; box_shadow_style=&#8221;preset1&#8243; global_colors_info=&#8221;{}&#8221;][\/et_pb_button][\/et_pb_column][et_pb_column type=&#8221;1_3&#8243; _builder_version=&#8221;4.27.4&#8243; _module_preset=&#8221;default&#8221; global_colors_info=&#8221;{}&#8221;][\/et_pb_column][et_pb_column type=&#8221;1_3&#8243; _builder_version=&#8221;4.27.4&#8243; _module_preset=&#8221;default&#8221; global_colors_info=&#8221;{}&#8221;][\/et_pb_column][\/et_pb_row][\/et_pb_section]<\/p>\n","protected":false},"excerpt":{"rendered":"<p>\u00a0 Korzy\u015bci Klient\u00f3wWarto\u015b\u0107, jak\u0105 Pure Play wnosi do organizacji Klienta, opiera si\u0119 na efektywno\u015bci strukturalnej, mierzalnych wynikach i przejrzystym modelu zarz\u0105dzania funkcj\u0105 mediow\u0105. Nie poprawiamy tylko kampanii \u2014 zmieniamy spos\u00f3b, w jaki media dzia\u0142aj\u0105 jako realne narz\u0119dzie biznesowe. Dzi\u0119ki powi\u0105zaniu egzekucji z celami finansowymi pomagamy Klientom przekszta\u0142ci\u0107 marketing z kategorii kosztowej w kontrolowalny, efektywno\u015bciowy obszar [&hellip;]<\/p>\n","protected":false},"author":1,"featured_media":0,"parent":0,"menu_order":0,"comment_status":"closed","ping_status":"closed","template":"","meta":{"_et_pb_use_builder":"on","_et_pb_old_content":"<!-- wp:divi\/placeholder \/-->","_et_gb_content_width":"","footnotes":""},"class_list":["post-884","page","type-page","status-publish","hentry"],"_links":{"self":[{"href":"https:\/\/pureplay.pl\/index.php\/wp-json\/wp\/v2\/pages\/884","targetHints":{"allow":["GET"]}}],"collection":[{"href":"https:\/\/pureplay.pl\/index.php\/wp-json\/wp\/v2\/pages"}],"about":[{"href":"https:\/\/pureplay.pl\/index.php\/wp-json\/wp\/v2\/types\/page"}],"author":[{"embeddable":true,"href":"https:\/\/pureplay.pl\/index.php\/wp-json\/wp\/v2\/users\/1"}],"replies":[{"embeddable":true,"href":"https:\/\/pureplay.pl\/index.php\/wp-json\/wp\/v2\/comments?post=884"}],"version-history":[{"count":28,"href":"https:\/\/pureplay.pl\/index.php\/wp-json\/wp\/v2\/pages\/884\/revisions"}],"predecessor-version":[{"id":1670,"href":"https:\/\/pureplay.pl\/index.php\/wp-json\/wp\/v2\/pages\/884\/revisions\/1670"}],"wp:attachment":[{"href":"https:\/\/pureplay.pl\/index.php\/wp-json\/wp\/v2\/media?parent=884"}],"curies":[{"name":"wp","href":"https:\/\/api.w.org\/{rel}","templated":true}]}}